{"id":11024,"date":"2022-05-11T13:45:47","date_gmt":"2022-05-11T13:45:47","guid":{"rendered":"https:\/\/www.carthagoceramic.com\/produit\/cerrelage-armani-60-x-120-mat\/"},"modified":"2023-10-03T11:11:42","modified_gmt":"2023-10-03T11:11:42","slug":"cerrelage-armani-60-x-120-mat","status":"publish","type":"product","link":"https:\/\/www.carthagoceramic.com\/en\/produit\/cerrelage-armani-60-x-120-mat\/","title":{"rendered":"Armani 60 X 120 MAT"},"content":{"rendered":"","protected":false},"excerpt":{"rendered":"<p>Tent\u00e9 par l\u2019envie d\u2019habiller votre int\u00e9rieur ou votre ext\u00e9rieur par du carrelage avec un aspect de pierre naturelle, mais d\u00e9courag\u00e9 par son lourd entretien ? Carthago Ceramic vous apporte la solution r\u00eav\u00e9e, gr\u00e2ce \u00e0 son carrelage de sol et de mur \u00e0 l\u2019aspect de pierre et aux caract\u00e9ristiques performantes de gr\u00e8s c\u00e9rame qui se substitue avec succ\u00e8s \u00e0 la pierre authentique.<\/p>\n","protected":false},"featured_media":9214,"template":"","meta":{"_acf_changed":false,"_et_pb_use_builder":"","_et_pb_old_content":"","_et_gb_content_width":""},"product_cat":[101],"product_tag":[],"acf":[],"_links":{"self":[{"href":"https:\/\/www.carthagoceramic.com\/en\/wp-json\/wp\/v2\/product\/11024"}],"collection":[{"href":"https:\/\/www.carthagoceramic.com\/en\/wp-json\/wp\/v2\/product"}],"about":[{"href":"https:\/\/www.carthagoceramic.com\/en\/wp-json\/wp\/v2\/types\/product"}],"wp:featuredmedia":[{"embeddable":true,"href":"https:\/\/www.carthagoceramic.com\/en\/wp-json\/wp\/v2\/media\/9214"}],"wp:attachment":[{"href":"https:\/\/www.carthagoceramic.com\/en\/wp-json\/wp\/v2\/media?parent=11024"}],"wp:term":[{"taxonomy":"product_cat","embeddable":true,"href":"https:\/\/www.carthagoceramic.com\/en\/wp-json\/wp\/v2\/product_cat?post=11024"},{"taxonomy":"product_tag","embeddable":true,"href":"https:\/\/www.carthagoceramic.com\/en\/wp-json\/wp\/v2\/product_tag?post=11024"}],"curies":[{"name":"wp","href":"https:\/\/api.w.org\/{rel}","templated":true}]}}