{"id":19595,"date":"2025-06-13T11:31:19","date_gmt":"2025-06-13T11:31:20","guid":{"rendered":"https:\/\/www.carthagoceramic.com\/?post_type=product&#038;p=19595"},"modified":"2025-06-17T15:25:57","modified_gmt":"2025-06-17T15:25:57","slug":"danver-60x60-brillant","status":"publish","type":"product","link":"https:\/\/www.carthagoceramic.com\/en\/produit\/danver-60x60-brillant\/","title":{"rendered":"Danver 60&#215;60 Glossy"},"content":{"rendered":"<h1><strong>Rev\u00eatement en Gr\u00e8s : \u00c9l\u00e9gance, R\u00e9sistance et Modernit\u00e9<\/strong><\/h1>\n<p>Le <a href=\"https:\/\/www.carthagoceramic.com\/fr\/produit\/gres-cerame-exterieur-otawa\/\">rev\u00eatement<\/a> en gr\u00e8s c\u00e9rame 60&#215;60 cm offre une solution esth\u00e9tique et durable pour vos sols et murs. Id\u00e9al pour les int\u00e9rieurs modernes comme pour les espaces \u00e0 fort passage, il allie design contemporain et performance technique.<\/p>\n<h2><strong>Un Rev\u00eatement Adapt\u00e9 \u00e0 Tous les Styles d\u2019Int\u00e9rieur<\/strong><\/h2>\n<p>Gr\u00e2ce \u00e0 ses finitions vari\u00e9es \u2014 aspect b\u00e9ton, pierre, bois ou marbre \u2014, le carrelage en gr\u00e8s s\u2019int\u00e8gre parfaitement \u00e0 tous les d\u00e9cors. Son format 60&#215;60 permet de cr\u00e9er une continuit\u00e9 visuelle \u00e9l\u00e9gante et harmonieuse dans toutes les pi\u00e8ces. <\/p>\n<h2><strong>Performance et R\u00e9sistance au Quotidien<\/strong><\/h2>\n<p>Le gr\u00e8s c\u00e9rame est reconnu pour sa r\u00e9sistance aux chocs, aux rayures et \u00e0 l\u2019usure. C\u2019est un rev\u00eatement id\u00e9al pour les zones tr\u00e8s fr\u00e9quent\u00e9es comme les cuisines, les salons ou les couloirs. Il conserve son aspect d\u2019origine pendant des ann\u00e9es.  <\/p>\n<h2><strong>Un Entretien Facile pour un Confort Durable<\/strong><\/h2>\n<p>Ce rev\u00eatement est tr\u00e8s facile \u00e0 entretenir. Un simple lavage \u00e0 l\u2019eau claire ou \u00e0 l\u2019aide de produits doux suffit \u00e0 lui redonner tout son \u00e9clat. Sa surface non poreuse emp\u00eache l\u2019incrustation des taches et assure une hygi\u00e8ne parfaite.  <\/p>\n<h2><strong>Une Solution Polyvalente pour Sols et Murs<\/strong><\/h2>\n<p>En sol ou en mur, le gr\u00e8s 60&#215;60 s\u2019adapte \u00e0 toutes les configurations. Que ce soit pour une salle de bain, une cuisine, un s\u00e9jour ou m\u00eame un ext\u00e9rieur couvert, ce rev\u00eatement r\u00e9pond \u00e0 toutes les exigences esth\u00e9tiques et pratiques. <\/p>\n<p><strong>Conclusion<\/strong><\/p>\n<p>This is a 60&#215;60 cm porcelain tile. Durable, stylish, and easy to maintain, it is ideal for both floor and wall coverings in any modern or traditional space. <\/p>\n<p>At <a href=\"https:\/\/www.facebook.com\/CarthagoCeramic.PageOfficielle\" target=\"_blank\" rel=\"noopener\">Carthago Ceramic<\/a>, we offer you top-quality coverings designed to last and enhance your interiors with taste and efficiency.<\/p>\n","protected":false},"excerpt":{"rendered":"<div class=\"et_pb_module et_pb_wc_description et_pb_wc_description_0_tb_body et_pb_bg_layout_light et_pb_text_align_left\">\n<div class=\"et_pb_module_inner\">\n<div class=\"react-scroll-to-bottom--css-snopp-1n7m0yu\">\n<div class=\"flex flex-col text-sm pb-9\">\n<div class=\"w-full text-token-text-primary sm:AIPRM__conversation__response\" data-testid=\"conversation-turn-143\">\n<div class=\"px-4 py-2 justify-center text-base md:gap-6 m-auto\">\n<div class=\"flex flex-1 text-base mx-auto gap-3 md:px-5 lg:px-1 xl:px-5 md:max-w-3xl lg:max-w-[40rem] xl:max-w-[48rem] group final-completion\">\n<div class=\"relative flex w-full flex-col agent-turn\">\n<div class=\"flex-col gap-1 md:gap-3\">\n<div class=\"flex flex-grow flex-col max-w-full\">\n<div class=\"min-h-[20px] text-message flex flex-col items-start gap-3 whitespace-pre-wrap break-words [.text-message+&amp;]:mt-5 overflow-x-auto\" data-message-author-role=\"assistant\" data-message-id=\"7642ef1d-cd1e-43df-8117-a559d4526d76\">\n<div class=\"markdown prose w-full break-words dark:prose-invert light AIPRM__conversation__response\">\n<div class=\"react-scroll-to-bottom--css-mllyj-1n7m0yu\">\n<div class=\"flex flex-col text-sm pb-9\">\n<div class=\"w-full text-token-text-primary sm:AIPRM__conversation__response\" data-testid=\"conversation-turn-27\">\n<div class=\"px-4 py-2 justify-center text-base md:gap-6 m-auto\">\n<div class=\"flex flex-1 text-base mx-auto gap-3 md:px-5 lg:px-1 xl:px-5 md:max-w-3xl lg:max-w-[40rem] xl:max-w-[48rem] group final-completion\">\n<div class=\"relative flex w-full flex-col agent-turn\">\n<div class=\"flex-col gap-1 md:gap-3\">\n<div class=\"flex flex-grow flex-col max-w-full\">\n<div class=\"min-h-[20px] text-message flex flex-col items-start gap-3 whitespace-pre-wrap break-words [.text-message+&amp;]:mt-5 overflow-x-auto\" data-message-author-role=\"assistant\" data-message-id=\"f0e80630-bda0-47ee-a941-0ee502e2bdb0\">\n<div class=\"markdown prose w-full break-words dark:prose-invert light AIPRM__conversation__response\">\n<p>Stoneware tiles in 60&#215;60 cm format. Solid and attractive, it is ideal for floor or wall coverings in modern interiors, thanks to its meticulous finish and easy maintenance. <\/p>\n<\/div>\n<\/div>\n<\/div>\n<\/div>\n<\/div>\n<\/div>\n<\/div>\n<\/div>\n<\/div>\n<\/div>\n<\/div>\n<\/div>\n<\/div>\n<\/div>\n<\/div>\n<\/div>\n<\/div>\n<\/div>\n<\/div>\n<\/div>\n<\/div>\n<\/div>\n","protected":false},"featured_media":19597,"template":"","meta":{"_et_pb_use_builder":"","_et_pb_old_content":"","_et_gb_content_width":""},"product_cat":[101],"product_tag":[],"_links":{"self":[{"href":"https:\/\/www.carthagoceramic.com\/en\/wp-json\/wp\/v2\/product\/19595"}],"collection":[{"href":"https:\/\/www.carthagoceramic.com\/en\/wp-json\/wp\/v2\/product"}],"about":[{"href":"https:\/\/www.carthagoceramic.com\/en\/wp-json\/wp\/v2\/types\/product"}],"wp:featuredmedia":[{"embeddable":true,"href":"https:\/\/www.carthagoceramic.com\/en\/wp-json\/wp\/v2\/media\/19597"}],"wp:attachment":[{"href":"https:\/\/www.carthagoceramic.com\/en\/wp-json\/wp\/v2\/media?parent=19595"}],"wp:term":[{"taxonomy":"product_cat","embeddable":true,"href":"https:\/\/www.carthagoceramic.com\/en\/wp-json\/wp\/v2\/product_cat?post=19595"},{"taxonomy":"product_tag","embeddable":true,"href":"https:\/\/www.carthagoceramic.com\/en\/wp-json\/wp\/v2\/product_tag?post=19595"}],"curies":[{"name":"wp","href":"https:\/\/api.w.org\/{rel}","templated":true}]}}