{"id":15770,"date":"2023-12-15T14:45:17","date_gmt":"2023-12-15T14:45:17","guid":{"rendered":"https:\/\/www.carthagoceramic.com\/?page_id=15770"},"modified":"2024-02-26T12:24:03","modified_gmt":"2024-02-26T12:24:03","slug":"politique-de-confide","status":"publish","type":"page","link":"https:\/\/www.carthagoceramic.com\/fr\/politique-de-confide\/","title":{"rendered":"Politique de confidentialit\u00e9"},"content":{"rendered":"<h2><\/h2>\n<h2><\/h2>\n<h2><strong>Politique de confidentialit\u00e9<\/strong><\/h2>\n<p>G\u00c9N\u00c9RAL<\/p>\n<p>Cette page vous fournit les informations sur la mani\u00e8re dont Carthago Ceramic prot\u00e8ge vos donn\u00e9es personnelles et vos droits par rapport \u00e0 ces donn\u00e9es personnelles :<\/p>\n<p>Si vous avez des questions concernant la confidentialit\u00e9 des donn\u00e9es ou si vous souhaitez nous fournir des informations \u00e0 propos des autorisations sur notre site web ou nos actions marketing, veuillez-vous adresser au service marketing \u00e0 l\u2019adresse suivante : contact@carthagoceramic.com ou nous contacter en utilisant le formulaire sur la page contact de notre site web carthagoceramic.com.<\/p>\n<p>Le but principal du site web carthagoceramic.com est d\u2019\u00eatre une ressource et un outil commercial dynamique pour vous aider \u00e0 mieux nous conna\u00eetre. Nous tenons \u00e0 ce que vous vous sentiez en s\u00e9curit\u00e9 lorsque vous consultez notre site web et nous nous engageons \u00e0 pr\u00e9server vos informations personnelles lors de vos visites sur ce site.<\/p>\n<p>En utilisant notre site, vous consentez \u00e0 notre politique de confidentialit\u00e9 et de protection des donn\u00e9es personnelles dans le cadre de la r\u00e9glementation en vigueur.<\/p>\n<p>Les traitements de donn\u00e9es personnelles font l\u2019objet de d\u00e9clarations aupr\u00e8s de la Commission Nationale de l\u2019Informatique et des Libert\u00e9s (CNIL).<\/p>\n<p>1. INFORMATIONS G\u00c9N\u00c9RALES<br \/>\nLe site web de carthagoceramic.com peut recueillir vos informations de fa\u00e7on directe, lorsque vous fournissez des informations pour remplir un formulaire, ou indirecte.<\/p>\n<p>Dans le cas o\u00f9 vous nous contactez directement, nous recueillons les donn\u00e9es relatives \u00e0 votre inscription ou \u00e0 votre demande de renseignements et nous nous r\u00e9servons le droit de conserver un enregistrement de votre activit\u00e9 sur notre site web. Les donn\u00e9es indirectes comprennent les informations qui sont \u00e9mises par votre ordinateur, c\u2019est-\u00e0-dire votre adresse IP ainsi que les donn\u00e9es r\u00e9siduelles contenues par votre navigateur et\/ou votre syst\u00e8me d\u2019exploitation<\/p>\n<p>2. FINALIT\u00c9S COMMERCIALES<\/p>\n<p>Email de ciblage<\/p>\n<p>Dans le respect de la r\u00e9glementation en vigueur, nous envoyons des emails publicitaires \u00e0 nos contacts aupr\u00e8s de nos clients ou d\u2019autres organismes avec lesquels nous voulons d\u00e9velopper ou maintenir une relation d\u2019affaires. Nos e-mails de ciblage g\u00e9n\u00e9ralement incluent des balises web, des cookies et des technologies similaires qui nous permettent de savoir si les mails sont lus ou supprim\u00e9s et si les liens ont \u00e9t\u00e9 cliqu\u00e9s. Lorsque vous cliquez sur un lien dans un e-mail publicitaire que vous recevez de Carthago Ceramic, nous enregistrons via un cookie les pages de nos sites Web que vous consultez et les contenus que vous t\u00e9l\u00e9chargez. Ces outils sont mis en \u0153uvre sous r\u00e9serve de l\u2019obtention pr\u00e9alable de votre consentement.<\/p>\n<p>3. DIVULGATION A DES TIERS<br \/>\nNous ne vendons, n\u2019\u00e9changeons et ne transf\u00e9rons pas vos informations personnelles identifiables (adresse IP, informations renseign\u00e9es sur les formulaires) \u00e0 des tiers. Cela ne comprend pas les tierces parties de confiance qui nous aident \u00e0 d\u00e9velopper notre site Web ou \u00e0 mener nos affaires, tant que ces parties conviennent de garder ces informations confidentielles.<\/p>\n<p>Nous sommes susceptibles de divulguer ou partager vos donn\u00e9es personnelles pour nous conformer \u00e0 une obligation l\u00e9gale ou encore pour faire respecter ou appliquer nos conditions d\u2019utilisation ou enfin pour prot\u00e9ger les droits, la propri\u00e9t\u00e9 ou la s\u00e9curit\u00e9.<\/p>\n<p>4. PROTECTION DES INFORMATIONS<br \/>\nLes donn\u00e9es personnelles sont conserv\u00e9es et s\u00e9curis\u00e9es, conform\u00e9ment aux obligations l\u00e9gales en la mati\u00e8re. Carthago Ceramic se garde le droit de croiser les donn\u00e9es recueillies par la soci\u00e9t\u00e9 \u00e0 des buts commerciaux et\/ou de prospection. Nous pouvons croiser, combiner et analyser ces donn\u00e9es issues de diff\u00e9rentes sources et g\u00e9n\u00e9r\u00e9es notamment par les connections de nos visiteurs sur le site. Ces donn\u00e9es nous permettent d\u2019\u00e9valuer au mieux la teneur des rapports entretenus par le visiteur du site et Carthago Ceramic.<\/p>\n<p>Notre site peut, de temps \u00e0 autre, contenir des liens vers des sites partenaires ou bien \u00eatre accessible depuis des sites web de nos partenaires, de nos annonceurs et de nos soci\u00e9t\u00e9s affili\u00e9es. Si vous suivez un lien vers un de ces sites, veuillez noter que ces sites ont leur propre politique de confidentialit\u00e9 et que nous ne pouvons \u00eatre tenus pour responsables de ces politiques. Veuillez v\u00e9rifier ces politiques avant de soumettre des donn\u00e9es personnelles \u00e0 ces sites.<\/p>\n<p>5. EST-CE QUE NOUS UTILISONS DES COOKIES ?<br \/>\nNos cookies am\u00e9liorent l\u2019acc\u00e8s \u00e0 notre site et identifient les visiteurs r\u00e9guliers. En outre, nos cookies am\u00e9liorent l\u2019exp\u00e9rience d\u2019utilisateur gr\u00e2ce au suivi et au ciblage de ses int\u00e9r\u00eats. Cependant, cette utilisation des cookies n\u2019est en aucune fa\u00e7on li\u00e9e \u00e0 des informations personnelles identifiables sur notre site.<\/p>\n<p>Nous pouvons utiliser les informations g\u00e9n\u00e9r\u00e9es par les cookies pour mieux cibler notre audience et chiffrer plus efficacement les visites enregistr\u00e9es sur notre site.<\/p>\n<p>6. VOS DROITS<br \/>\nConform\u00e9ment \u00e0 la l\u00e9gislation applicable, vous avez le droit de savoir si nous d\u00e9tenons vos donn\u00e9es personnelles vous concernant, vous disposez, \u00e0 tout moment, d\u2019un droit d\u2019acc\u00e8s, de modification, de rectification ou de suppression des donn\u00e9es personnelles vous concernant. Vous pouvez \u00e9galement vous opposer au traitement des donn\u00e9es vous concernant. Aucune donn\u00e9e personnelle \u00e0 caract\u00e8re sensible n\u2019est recueillie, c\u2019est-\u00e0-dire aucune donn\u00e9e concernant les pr\u00e9f\u00e9rences sexuelles, les croyances religieuses, le groupe ethnique, les affinit\u00e9s politiques ou l\u2019appartenance \u00e0 une quelconque communaut\u00e9 ou groupement syndicaliste.<\/p>\n<p>Vous pouvez exercer votre droit pour refuser de recevoir nos communications marketing en cochant certaines cases sur les formulaires que nous utilisons pour recueillir vos donn\u00e9es personnelles, ou en utilisant les m\u00e9canismes d\u2019opt-out dans les e-mails que nous vous envoyons.<\/p>\n","protected":false},"excerpt":{"rendered":"<p>Politique de confidentialit\u00e9 G\u00c9N\u00c9RAL Cette page vous fournit les informations sur la mani\u00e8re dont Carthago Ceramic prot\u00e8ge vos donn\u00e9es personnelles et vos droits par rapport \u00e0 ces donn\u00e9es personnelles : Si vous avez des questions concernant la confidentialit\u00e9 des donn\u00e9es ou si vous souhaitez nous fournir des informations \u00e0 propos des autorisations sur notre site [&hellip;]<\/p>\n","protected":false},"author":5,"featured_media":0,"parent":0,"menu_order":0,"comment_status":"closed","ping_status":"closed","template":"","meta":{"_et_pb_use_builder":"","_et_pb_old_content":"","_et_gb_content_width":""},"_links":{"self":[{"href":"https:\/\/www.carthagoceramic.com\/fr\/wp-json\/wp\/v2\/pages\/15770"}],"collection":[{"href":"https:\/\/www.carthagoceramic.com\/fr\/wp-json\/wp\/v2\/pages"}],"about":[{"href":"https:\/\/www.carthagoceramic.com\/fr\/wp-json\/wp\/v2\/types\/page"}],"author":[{"embeddable":true,"href":"https:\/\/www.carthagoceramic.com\/fr\/wp-json\/wp\/v2\/users\/5"}],"replies":[{"embeddable":true,"href":"https:\/\/www.carthagoceramic.com\/fr\/wp-json\/wp\/v2\/comments?post=15770"}],"version-history":[{"count":11,"href":"https:\/\/www.carthagoceramic.com\/fr\/wp-json\/wp\/v2\/pages\/15770\/revisions"}],"predecessor-version":[{"id":17333,"href":"https:\/\/www.carthagoceramic.com\/fr\/wp-json\/wp\/v2\/pages\/15770\/revisions\/17333"}],"wp:attachment":[{"href":"https:\/\/www.carthagoceramic.com\/fr\/wp-json\/wp\/v2\/media?parent=15770"}],"curies":[{"name":"wp","href":"https:\/\/api.w.org\/{rel}","templated":true}]}}