{"id":164,"date":"2021-10-22T13:48:38","date_gmt":"2021-10-22T13:48:38","guid":{"rendered":"https:\/\/www.carthagoceramic.com\/?page_id=164"},"modified":"2024-02-20T17:51:14","modified_gmt":"2024-02-20T17:51:14","slug":"blog-carthagoceramic","status":"publish","type":"page","link":"https:\/\/www.carthagoceramic.com\/fr\/blog-carthagoceramic\/","title":{"rendered":"Blog"},"content":{"rendered":"<p>[et_pb_section fb_built=\u00a0\u00bb1&Prime; _builder_version=\u00a0\u00bb4.9.7&Prime; _module_preset=\u00a0\u00bbdefault\u00a0\u00bb background_image=\u00a0\u00bbhttps:\/\/www.carthagoceramic.com\/wp-content\/uploads\/2024\/02\/Tulip-4K.webp\u00a0\u00bb hover_enabled=\u00a0\u00bb0&Prime; alt=\u00a0\u00bbCarrelage pour rev\u00eatement mural\u00a0\u00bb title_text=\u00a0\u00bbTulip-4K\u00a0\u00bb sticky_enabled=\u00a0\u00bb0&Prime;][et_pb_row _builder_version=\u00a0\u00bb4.9.7&Prime; _module_preset=\u00a0\u00bbdefault\u00a0\u00bb width=\u00a0\u00bb95%\u00a0\u00bb max_width=\u00a0\u00bb100%\u00a0\u00bb height=\u00a0\u00bb100vh\u00a0\u00bb hover_enabled=\u00a0\u00bb0&Prime; sticky_enabled=\u00a0\u00bb0&Prime;][et_pb_column type=\u00a0\u00bb4_4&Prime; _builder_version=\u00a0\u00bb4.9.7&Prime; _module_preset=\u00a0\u00bbdefault\u00a0\u00bb][\/et_pb_column][\/et_pb_row][\/et_pb_section][et_pb_section fb_built=\u00a0\u00bb1&Prime; _builder_version=\u00a0\u00bb4.9.7&Prime; _module_preset=\u00a0\u00bbdefault\u00a0\u00bb][et_pb_row _builder_version=\u00a0\u00bb4.9.7&Prime; _module_preset=\u00a0\u00bbdefault\u00a0\u00bb width=\u00a0\u00bb90%\u00a0\u00bb max_width=\u00a0\u00bb100%\u00a0\u00bb][et_pb_column type=\u00a0\u00bb4_4&Prime; _builder_version=\u00a0\u00bb4.9.7&Prime; _module_preset=\u00a0\u00bbdefault\u00a0\u00bb][et_pb_text _builder_version=\u00a0\u00bb4.9.7&Prime; _module_preset=\u00a0\u00bbdefault\u00a0\u00bb header_font=\u00a0\u00bbMontserrat||||||||\u00a0\u00bb header_text_color=\u00a0\u00bb#585858&Prime; header_font_size=\u00a0\u00bb28px\u00a0\u00bb header_letter_spacing=\u00a0\u00bb8px\u00a0\u00bb custom_margin=\u00a0\u00bb||20px||false|false\u00a0\u00bb]<\/p>\n<h1>Nos conseils:<\/h1>\n<p>[\/et_pb_text][et_pb_text _builder_version=\u00a0\u00bb4.9.7&Prime; _module_preset=\u00a0\u00bbdefault\u00a0\u00bb text_font=\u00a0\u00bbCarmen Sans SemiBold||||||||\u00a0\u00bb text_text_color=\u00a0\u00bb#585858&Prime; text_font_size=\u00a0\u00bb24px\u00a0\u00bb text_letter_spacing=\u00a0\u00bb4px\u00a0\u00bb text_line_height=\u00a0\u00bb1.5em\u00a0\u00bb]Suivez nos conseils et astuce et inspirez-vous<br \/>\n[\/et_pb_text][et_pb_code _builder_version=\u00a0\u00bb4.9.7&Prime; _module_preset=\u00a0\u00bbdefault\u00a0\u00bb]\n\n<link rel=\"stylesheet\" href=\"https:\/\/www.carthagoceramic.com\/wp-content\/themes\/Divi\/custom-post\/style_blog.css\">\n\n\n\n\n\n\n\n        \n\n\n\n\n\n<div class=\"bloc-parent\">\n\n\n\n    <div class=\"position-left\">\n\n                <a href=\"comment-choisir-son-carrelage-de-cuisine\">\n        <div class=\"position-left-left\" style=\"background-image: url(https:\/\/www.carthagoceramic.com\/wp-content\/uploads\/2021\/12\/Kitchen_PERLATO.webp);\">\n            \n            <div class=\"bloc-contenu\">\n                <p>f\u00e9vrier 9, 2023<\/p>\n                <h2>comment choisir son carrelage de cuisine ?<\/h2> \n            <\/div>\n            <div class=\"bloc-background\"><\/div>   \n\n        <\/div>\n        <\/a>\n\n                <a href=\"comment-choisir-les-carreaux-ceramiques-de-salle-de-bain\">\n        <div class=\"position-left-right\" style=\"background-image: url(https:\/\/www.carthagoceramic.com\/wp-content\/uploads\/2023\/02\/Image-3.webp);\">\n\n        <div class=\"bloc-contenu\">\n                <p>f\u00e9vrier 9, 2023<\/p>\n                <h2>comment choisir son carrelage de salle de bain ?<\/h2> \n            <\/div>\n            <div class=\"bloc-background\"><\/div> \n\n        <\/div>\n        <\/a>\n\n\n        <div style=\"clear:both;\"><\/div>\n\n                <a href=\"carrelage-imitation-bois-une-ambiance-raffinee\">\n        <div class=\"position-left-bottom\" style=\"background-image: url(https:\/\/www.carthagoceramic.com\/wp-content\/uploads\/2022\/02\/drapeau-1-1.webp);\">\n\n        <div class=\"bloc-contenu\">\n                <p>f\u00e9vrier 10, 2022<\/p>\n                <h2>Carrelage imitation bois : une ambiance raffin\u00e9e<\/h2> \n            <\/div>\n            <div class=\"bloc-background\"><\/div> \n\n        <\/div>\n        <\/a>\n\n\n    <\/div>\n\n\n        <a href=\"revetement-de-sol-lavantage-de-choisir-le-carrelage-ceramique\">\n    <div class=\"position-right\" style=\"background-image: url(https:\/\/www.carthagoceramic.com\/wp-content\/uploads\/2022\/02\/Drapeau-scaled.jpg);\">\n\n    <div class=\"bloc-contenu\">\n                <p>f\u00e9vrier 10, 2022<\/p>\n                <h2>Rev\u00eatement de sol, l&rsquo;avantage de choisir le carrelage c\u00e9ramique !<\/h2> \n            <\/div>\n            <div class=\"bloc-background\"><\/div> \n\n    <\/div>\n    <\/a>\n\n\n<\/div>\n\n\n\n\n\n\n\n\n[\/et_pb_code][\/et_pb_column][\/et_pb_row][\/et_pb_section]<\/p>\n","protected":false},"excerpt":{"rendered":"<p>Rev\u00eatement de sol, l&rsquo;avantage de choisir le carrelage c\u00e9ramique !Une nouvelle construction ou une r\u00e9novation d&rsquo;un espace ou l&rsquo;ensemble de votre maison, vous devez choisir le type de rev\u00eatement de sol que vous souhaitez poser. En effet, les carreaux de c\u00e9ramique sont tr\u00e8s appr\u00e9ci\u00e9s dans la d\u00e9coration int\u00e9rieure et offrent plusieurs avantages par rapport aux [&hellip;]<\/p>\n","protected":false},"author":1,"featured_media":9947,"parent":0,"menu_order":0,"comment_status":"closed","ping_status":"closed","template":"","meta":{"_acf_changed":false,"_et_pb_use_builder":"on","_et_pb_old_content":"","_et_gb_content_width":"","footnotes":""},"acf":[],"_links":{"self":[{"href":"https:\/\/www.carthagoceramic.com\/fr\/wp-json\/wp\/v2\/pages\/164"}],"collection":[{"href":"https:\/\/www.carthagoceramic.com\/fr\/wp-json\/wp\/v2\/pages"}],"about":[{"href":"https:\/\/www.carthagoceramic.com\/fr\/wp-json\/wp\/v2\/types\/page"}],"author":[{"embeddable":true,"href":"https:\/\/www.carthagoceramic.com\/fr\/wp-json\/wp\/v2\/users\/1"}],"replies":[{"embeddable":true,"href":"https:\/\/www.carthagoceramic.com\/fr\/wp-json\/wp\/v2\/comments?post=164"}],"version-history":[{"count":20,"href":"https:\/\/www.carthagoceramic.com\/fr\/wp-json\/wp\/v2\/pages\/164\/revisions"}],"predecessor-version":[{"id":17385,"href":"https:\/\/www.carthagoceramic.com\/fr\/wp-json\/wp\/v2\/pages\/164\/revisions\/17385"}],"wp:featuredmedia":[{"embeddable":true,"href":"https:\/\/www.carthagoceramic.com\/fr\/wp-json\/wp\/v2\/media\/9947"}],"wp:attachment":[{"href":"https:\/\/www.carthagoceramic.com\/fr\/wp-json\/wp\/v2\/media?parent=164"}],"curies":[{"name":"wp","href":"https:\/\/api.w.org\/{rel}","templated":true}]}}