{"id":1807,"date":"2021-11-19T11:37:32","date_gmt":"2021-11-19T11:37:32","guid":{"rendered":"https:\/\/www.carthagoceramic.com\/?page_id=1807"},"modified":"2024-12-20T14:42:09","modified_gmt":"2024-12-20T14:42:09","slug":"nouveautes-carthago-ceramic","status":"publish","type":"page","link":"https:\/\/www.carthagoceramic.com\/fr\/nouveautes-carthago-ceramic\/","title":{"rendered":"News"},"content":{"rendered":"<p>[et_pb_section fb_built=\u00a0\u00bb1&Prime; _builder_version=\u00a0\u00bb4.9.7&Prime; _module_preset=\u00a0\u00bbdefault\u00a0\u00bb background_image=\u00a0\u00bbhttps:\/\/www.carthagoceramic.com\/wp-content\/uploads\/2023\/02\/Lux-60-60-copie-scaled.webp\u00a0\u00bb][et_pb_row _builder_version=\u00a0\u00bb4.9.7&Prime; _module_preset=\u00a0\u00bbdefault\u00a0\u00bb width=\u00a0\u00bb95%\u00a0\u00bb max_width=\u00a0\u00bb100%\u00a0\u00bb height=\u00a0\u00bb100vh\u00a0\u00bb][et_pb_column type=\u00a0\u00bb4_4&Prime; _builder_version=\u00a0\u00bb4.9.7&Prime; _module_preset=\u00a0\u00bbdefault\u00a0\u00bb][\/et_pb_column][\/et_pb_row][\/et_pb_section][et_pb_section fb_built=\u00a0\u00bb1&Prime; _builder_version=\u00a0\u00bb4.9.7&Prime; _module_preset=\u00a0\u00bbdefault\u00a0\u00bb custom_margin=\u00a0\u00bb||||false|false\u00a0\u00bb custom_padding=\u00a0\u00bb||0px||false|false\u00a0\u00bb][et_pb_row use_custom_gutter=\u00a0\u00bbon\u00a0\u00bb gutter_width=\u00a0\u00bb4&Prime; make_equal=\u00a0\u00bbon\u00a0\u00bb _builder_version=\u00a0\u00bb4.9.7&Prime; _module_preset=\u00a0\u00bbdefault\u00a0\u00bb width=\u00a0\u00bb90%\u00a0\u00bb max_width=\u00a0\u00bb100%\u00a0\u00bb custom_css_main_element=\u00a0\u00bbmargin: auto;\u00a0\u00bb][et_pb_column type=\u00a0\u00bb4_4&Prime; _builder_version=\u00a0\u00bb4.9.7&Prime; _module_preset=\u00a0\u00bbdefault\u00a0\u00bb][et_pb_text _builder_version=\u00a0\u00bb4.9.7&Prime; _module_preset=\u00a0\u00bbdefault\u00a0\u00bb header_font=\u00a0\u00bbMontserrat||||||||\u00a0\u00bb header_text_color=\u00a0\u00bb#585858&Prime; header_font_size=\u00a0\u00bb28px\u00a0\u00bb header_letter_spacing=\u00a0\u00bb8px\u00a0\u00bb custom_margin=\u00a0\u00bb||100px||false|false\u00a0\u00bb custom_margin_tablet=\u00a0\u00bb||20px||false|false\u00a0\u00bb custom_margin_phone=\u00a0\u00bb\u00a0\u00bb custom_margin_last_edited=\u00a0\u00bbon|phone\u00a0\u00bb hover_enabled=\u00a0\u00bb0&Prime; sticky_enabled=\u00a0\u00bb0&Prime;]<\/p>\n<h1>Suivez nos nouveaut\u00e9s<\/h1>\n<p>[\/et_pb_text][\/et_pb_column][\/et_pb_row][et_pb_row use_custom_gutter=\u00a0\u00bbon\u00a0\u00bb gutter_width=\u00a0\u00bb4&Prime; make_equal=\u00a0\u00bbon\u00a0\u00bb _builder_version=\u00a0\u00bb4.9.7&Prime; _module_preset=\u00a0\u00bbdefault\u00a0\u00bb width=\u00a0\u00bb90%\u00a0\u00bb max_width=\u00a0\u00bb100%\u00a0\u00bb custom_css_main_element=\u00a0\u00bbmargin: auto;\u00a0\u00bb][et_pb_column type=\u00a0\u00bb4_4&Prime; _builder_version=\u00a0\u00bb4.9.7&Prime; _module_preset=\u00a0\u00bbdefault\u00a0\u00bb][et_pb_text _builder_version=\u00a0\u00bb4.9.7&Prime; _module_preset=\u00a0\u00bbdefault\u00a0\u00bb hover_enabled=\u00a0\u00bb0&Prime; sticky_enabled=\u00a0\u00bb0&Prime;]<\/p>\n<h3 style=\"text-align: left;\"><strong>Certificat UPEC :<\/strong><\/h3>\n<p>[\/et_pb_text][\/et_pb_column][\/et_pb_row][et_pb_row column_structure=\u00a0\u00bb1_2,1_2&Prime; make_equal=\u00a0\u00bbon\u00a0\u00bb _builder_version=\u00a0\u00bb4.9.7&Prime; _module_preset=\u00a0\u00bbdefault\u00a0\u00bb width=\u00a0\u00bb90%\u00a0\u00bb max_width=\u00a0\u00bb100%\u00a0\u00bb custom_css_main_element=\u00a0\u00bbmargin: auto;\u00a0\u00bb][et_pb_column type=\u00a0\u00bb1_2&Prime; _builder_version=\u00a0\u00bb4.9.7&Prime; _module_preset=\u00a0\u00bbdefault\u00a0\u00bb][et_pb_text _builder_version=\u00a0\u00bb4.9.7&Prime; _module_preset=\u00a0\u00bbdefault\u00a0\u00bb text_font=\u00a0\u00bbMontserrat||||||||\u00a0\u00bb text_text_color=\u00a0\u00bb#585858&Prime; text_font_size=\u00a0\u00bb18px\u00a0\u00bb text_letter_spacing=\u00a0\u00bb3px\u00a0\u00bb text_line_height=\u00a0\u00bb1.5em\u00a0\u00bb custom_margin=\u00a0\u00bb-5px||||false|false\u00a0\u00bb]<\/p>\n<p>&nbsp;<\/p>\n<p>Notre syst\u00e8me de management de la qualit\u00e9\u00a0assure une d\u00e9marche pr\u00e9cieuse qui consiste,\u00a0pour notre entreprise, \u00e0 d\u00e9ployer\u00a0des actions d&rsquo;am\u00e9lioration de\u00a0nos processus, en vue de fournir des produits ou services conformes aux exigences de nos clients.\u00a0<\/p>\n<p>Il\u00a0permet de r\u00e9pondre \u00e0 tout moment aux attentes de toutes nos cibles et de fournir des produits et services \u00e0 la hauteur de leurs attentes.<\/p>\n<p>Carthago Ceramic avec sa nouvelle <b>certification UPEC <\/b>est toujours dans la m\u00eame d\u00e9marche et dans la m\u00eame strat\u00e9gie, donnant une nouvelle promesse dans l&rsquo;\u00e9volution et de l&rsquo;assurance qualit\u00e9 aux standards internationaux.<\/p>\n<p>&nbsp;<\/p>\n<p>[\/et_pb_text][\/et_pb_column][et_pb_column type=\u00a0\u00bb1_2&Prime; _builder_version=\u00a0\u00bb4.9.7&Prime; _module_preset=\u00a0\u00bbdefault\u00a0\u00bb custom_css_main_element=\u00a0\u00bbmargin: auto auto 0;\u00a0\u00bb][et_pb_image src=\u00a0\u00bbhttps:\/\/www.carthagoceramic.com\/wp-content\/uploads\/2024\/12\/Certif-Upec.webp\u00a0\u00bb alt=\u00a0\u00bbStand carthago ceramic CEVISAMA 2023&Prime; title_text=\u00a0\u00bbCertif-Upec\u00a0\u00bb align=\u00a0\u00bbcenter\u00a0\u00bb _builder_version=\u00a0\u00bb4.9.7&Prime; _module_preset=\u00a0\u00bbdefault\u00a0\u00bb width=\u00a0\u00bb80%\u00a0\u00bb hover_enabled=\u00a0\u00bb0&Prime; sticky_enabled=\u00a0\u00bb0&Prime;][\/et_pb_image][\/et_pb_column][\/et_pb_row][et_pb_row _builder_version=\u00a0\u00bb4.9.7&Prime; _module_preset=\u00a0\u00bbdefault\u00a0\u00bb][et_pb_column type=\u00a0\u00bb4_4&Prime; _builder_version=\u00a0\u00bb4.9.7&Prime; _module_preset=\u00a0\u00bbdefault\u00a0\u00bb][et_pb_text _builder_version=\u00a0\u00bb4.9.7&Prime; _module_preset=\u00a0\u00bbdefault\u00a0\u00bb module_alignment=\u00a0\u00bbleft\u00a0\u00bb custom_margin=\u00a0\u00bb|||-105px|false|false\u00a0\u00bb hover_enabled=\u00a0\u00bb0&Prime; sticky_enabled=\u00a0\u00bb0&Prime;]<\/p>\n<h3 style=\"text-align: left;\"><strong>Mise ajour du certificat ISO 9001 v 2015 :<\/strong><\/h3>\n<p>[\/et_pb_text][\/et_pb_column][\/et_pb_row][et_pb_row column_structure=\u00a0\u00bb1_2,1_2&Prime; make_equal=\u00a0\u00bbon\u00a0\u00bb _builder_version=\u00a0\u00bb4.9.7&Prime; _module_preset=\u00a0\u00bbdefault\u00a0\u00bb width=\u00a0\u00bb90%\u00a0\u00bb max_width=\u00a0\u00bb100%\u00a0\u00bb custom_css_main_element=\u00a0\u00bbmargin: auto;\u00a0\u00bb][et_pb_column type=\u00a0\u00bb1_2&Prime; _builder_version=\u00a0\u00bb4.9.7&Prime; _module_preset=\u00a0\u00bbdefault\u00a0\u00bb][et_pb_image src=\u00a0\u00bbhttps:\/\/www.carthagoceramic.com\/wp-content\/uploads\/2023\/07\/Certification-ISO-9001-V2015.webp\u00a0\u00bb alt=\u00a0\u00bbSENCON 2024&Prime; title_text=\u00a0\u00bbCertification-ISO-9001-V2015&Prime; align=\u00a0\u00bbcenter\u00a0\u00bb _builder_version=\u00a0\u00bb4.9.7&Prime; _module_preset=\u00a0\u00bbdefault\u00a0\u00bb width=\u00a0\u00bb80%\u00a0\u00bb hover_enabled=\u00a0\u00bb0&Prime; sticky_enabled=\u00a0\u00bb0&Prime;][\/et_pb_image][\/et_pb_column][et_pb_column type=\u00a0\u00bb1_2&Prime; _builder_version=\u00a0\u00bb4.9.7&Prime; _module_preset=\u00a0\u00bbdefault\u00a0\u00bb custom_css_main_element=\u00a0\u00bbmargin: auto auto 0;\u00a0\u00bb][et_pb_text _builder_version=\u00a0\u00bb4.9.7&Prime; _module_preset=\u00a0\u00bbdefault\u00a0\u00bb text_font=\u00a0\u00bbMontserrat||||||||\u00a0\u00bb text_text_color=\u00a0\u00bb#585858&Prime; text_font_size=\u00a0\u00bb18px\u00a0\u00bb text_letter_spacing=\u00a0\u00bb3px\u00a0\u00bb text_line_height=\u00a0\u00bb1.5em\u00a0\u00bb hover_enabled=\u00a0\u00bb0&Prime; sticky_enabled=\u00a0\u00bb0&Prime;]<\/p>\n<p>&nbsp;<\/p>\n<p>Afin d\u2019assurer la satisfaction de ses clients, Carthago Ceramic lance un syst\u00e8me de management qualit\u00e9 avant-gardist et tr\u00e8s d\u00e9velopp\u00e9.<\/p>\n<p>D\u2019o\u00f9 sa<strong>\u00a0Certification ISO 9001 version 2015\u00a0<\/strong>obtenue en 2018, aujourd\u2019hui\u00a0<strong>elle renouvelle cette certification et re\u00e7oit sa mise \u00e0 jour.<\/strong><\/p>\n<p>&nbsp;<\/p>\n<p>&nbsp;<\/p>\n<p>&nbsp;<\/p>\n<p>&nbsp;<\/p>\n<p>&nbsp;<\/p>\n<p>[\/et_pb_text][\/et_pb_column][\/et_pb_row][et_pb_row use_custom_gutter=\u00a0\u00bbon\u00a0\u00bb gutter_width=\u00a0\u00bb4&Prime; make_equal=\u00a0\u00bbon\u00a0\u00bb _builder_version=\u00a0\u00bb4.9.7&Prime; _module_preset=\u00a0\u00bbdefault\u00a0\u00bb width=\u00a0\u00bb90%\u00a0\u00bb max_width=\u00a0\u00bb100%\u00a0\u00bb custom_css_main_element=\u00a0\u00bbmargin: auto;\u00a0\u00bb][et_pb_column type=\u00a0\u00bb4_4&Prime; _builder_version=\u00a0\u00bb4.9.7&Prime; _module_preset=\u00a0\u00bbdefault\u00a0\u00bb][et_pb_text _builder_version=\u00a0\u00bb4.9.7&Prime; _module_preset=\u00a0\u00bbdefault\u00a0\u00bb hover_enabled=\u00a0\u00bb0&Prime; sticky_enabled=\u00a0\u00bb0&Prime;]<\/p>\n<h3 style=\"text-align: left;\"><strong>Participation \u00e0 la foire SENCON 2024 \u00e0 Dakar en S\u00e9n\u00e9gal:<\/strong><\/h3>\n<p>[\/et_pb_text][\/et_pb_column][\/et_pb_row][et_pb_row column_structure=\u00a0\u00bb1_2,1_2&Prime; make_equal=\u00a0\u00bbon\u00a0\u00bb _builder_version=\u00a0\u00bb4.9.7&Prime; _module_preset=\u00a0\u00bbdefault\u00a0\u00bb width=\u00a0\u00bb90%\u00a0\u00bb max_width=\u00a0\u00bb100%\u00a0\u00bb custom_css_main_element=\u00a0\u00bbmargin: auto;\u00a0\u00bb][et_pb_column type=\u00a0\u00bb1_2&Prime; _builder_version=\u00a0\u00bb4.9.7&Prime; _module_preset=\u00a0\u00bbdefault\u00a0\u00bb][et_pb_text _builder_version=\u00a0\u00bb4.9.7&Prime; _module_preset=\u00a0\u00bbdefault\u00a0\u00bb text_font=\u00a0\u00bbMontserrat||||||||\u00a0\u00bb text_text_color=\u00a0\u00bb#585858&Prime; text_font_size=\u00a0\u00bb18px\u00a0\u00bb text_letter_spacing=\u00a0\u00bb3px\u00a0\u00bb text_line_height=\u00a0\u00bb1.5em\u00a0\u00bb custom_margin=\u00a0\u00bb-5px||||false|false\u00a0\u00bb hover_enabled=\u00a0\u00bb0&Prime; sticky_enabled=\u00a0\u00bb0&Prime;]<\/p>\n<p>&nbsp;<\/p>\n<p style=\"padding-bottom: 1.2em;\">Du 8 F\u00e9vrier au 10 F\u00e9vrier 2024,<\/p>\n<p><strong>CARTHAGO CERAMIC <\/strong> a brillamment marqu\u00e9 sa pr\u00e9sence au 9\u00e8me Salon International de la Construction, de la Finition et de l\u2019Infrastructure \u2013\u00a0<strong>SENCON<\/strong> Expo 2024, \u00e0 Dakar, S\u00e9n\u00e9gal.<\/p>\n<p><strong>Carthago Ceramic<\/strong> est toujours au rendez-vous dans les plus grands salons en Afrique avec ses innovations et ses d\u00e9veloppements \u00e0 l\u2019image du pays et \u00e0 la hauteur de la notori\u00e9t\u00e9 du leader des Carreaux C\u00e9ramiques.<\/p>\n<p>[\/et_pb_text][\/et_pb_column][et_pb_column type=\u00a0\u00bb1_2&Prime; _builder_version=\u00a0\u00bb4.9.7&Prime; _module_preset=\u00a0\u00bbdefault\u00a0\u00bb custom_css_main_element=\u00a0\u00bbmargin: auto auto 0;\u00a0\u00bb][et_pb_image src=\u00a0\u00bbhttps:\/\/www.carthagoceramic.com\/wp-content\/uploads\/2024\/03\/WhatsApp-Image-2024-03-15-a-15.32.13_5e98ae98.jpg\u00a0\u00bb alt=\u00a0\u00bbSENCON 2024&Prime; title_text=\u00a0\u00bbSENCON 2024&Prime; align=\u00a0\u00bbcenter\u00a0\u00bb _builder_version=\u00a0\u00bb4.9.7&Prime; _module_preset=\u00a0\u00bbdefault\u00a0\u00bb width=\u00a0\u00bb80%\u00a0\u00bb hover_enabled=\u00a0\u00bb0&Prime; sticky_enabled=\u00a0\u00bb0&Prime;][\/et_pb_image][\/et_pb_column][\/et_pb_row][et_pb_row _builder_version=\u00a0\u00bb4.9.7&Prime; _module_preset=\u00a0\u00bbdefault\u00a0\u00bb][et_pb_column type=\u00a0\u00bb4_4&Prime; _builder_version=\u00a0\u00bb4.9.7&Prime; _module_preset=\u00a0\u00bbdefault\u00a0\u00bb][et_pb_text _builder_version=\u00a0\u00bb4.9.7&Prime; _module_preset=\u00a0\u00bbdefault\u00a0\u00bb module_alignment=\u00a0\u00bbleft\u00a0\u00bb custom_margin=\u00a0\u00bb|||-105px|false|false\u00a0\u00bb]<\/p>\n<h3 style=\"text-align: left;\"><strong>Participation \u00e0 Archibat 2023 \u00e0 Abidjan en C\u00f4te d&rsquo;Ivoire<\/strong><\/h3>\n<p>[\/et_pb_text][\/et_pb_column][\/et_pb_row][et_pb_row column_structure=\u00a0\u00bb1_2,1_2&Prime; make_equal=\u00a0\u00bbon\u00a0\u00bb _builder_version=\u00a0\u00bb4.9.7&Prime; _module_preset=\u00a0\u00bbdefault\u00a0\u00bb width=\u00a0\u00bb90%\u00a0\u00bb max_width=\u00a0\u00bb100%\u00a0\u00bb custom_css_main_element=\u00a0\u00bbmargin: auto;\u00a0\u00bb][et_pb_column type=\u00a0\u00bb1_2&Prime; _builder_version=\u00a0\u00bb4.9.7&Prime; _module_preset=\u00a0\u00bbdefault\u00a0\u00bb custom_css_main_element=\u00a0\u00bbmargin: auto;\u00a0\u00bb][et_pb_image src=\u00a0\u00bbhttps:\/\/www.carthagoceramic.com\/wp-content\/uploads\/2024\/03\/410025469_322299847379163_5758367452289526120_n.jpg\u00a0\u00bb alt=\u00a0\u00bbArchibat 2023&Prime; title_text=\u00a0\u00bbArchibat 2023&Prime; _builder_version=\u00a0\u00bb4.9.7&Prime; _module_preset=\u00a0\u00bbdefault\u00a0\u00bb max_width=\u00a0\u00bb73%\u00a0\u00bb module_alignment=\u00a0\u00bbcenter\u00a0\u00bb max_height=\u00a0\u00bb651px\u00a0\u00bb hover_enabled=\u00a0\u00bb0&Prime; sticky_enabled=\u00a0\u00bb0&Prime;][\/et_pb_image][\/et_pb_column][et_pb_column type=\u00a0\u00bb1_2&Prime; _builder_version=\u00a0\u00bb4.9.7&Prime; _module_preset=\u00a0\u00bbdefault\u00a0\u00bb custom_css_main_element=\u00a0\u00bbmargin: auto;\u00a0\u00bb][et_pb_text _builder_version=\u00a0\u00bb4.9.7&Prime; _module_preset=\u00a0\u00bbdefault\u00a0\u00bb text_font=\u00a0\u00bbMontserrat||||||||\u00a0\u00bb text_text_color=\u00a0\u00bb#585858&Prime; text_font_size=\u00a0\u00bb18px\u00a0\u00bb text_letter_spacing=\u00a0\u00bb3px\u00a0\u00bb text_line_height=\u00a0\u00bb1.5em\u00a0\u00bb hover_enabled=\u00a0\u00bb0&Prime; sticky_enabled=\u00a0\u00bb0&Prime;]<\/p>\n<p>Du 12 D\u00e9cembre\u00a0 au 16 D\u00e9cembre 2023<\/p>\n<p>Salon leader en Afrique de l\u2019Ouest, ARCHIBAT constitue incontestablement une plateforme de premier choix pour le secteur de l\u2019industrie de la Construction, de l\u2019Am\u00e9nagement, de la D\u00e9coration et de l\u2019Habitat en Afrique et au-del\u00e0. Cette ann\u00e9e, <strong>Carthago Ceramic<\/strong> a particip\u00e9 dans ce salon pour d\u00e9velopper sa notori\u00e9t\u00e9 en Afrique, promouvoir sa panoplie de produits et conqu\u00e9rir des nouveaux march\u00e9s.<br \/>C&rsquo;est une occasion tr\u00e8s opportune pour avoir des nouveaux contacts et faire conna\u00eetre notre solution qu&rsquo;on offre sur le march\u00e9 africain. Surtout, qu&rsquo;on dispose d&rsquo;une plate-forme commerciale \u00e0 Abidjan, on compte la d\u00e9velopper d&rsquo;avantages et voir des \u00e9ventuelles implantations en Afrique sub-saharienne.<\/p>\n<p>[\/et_pb_text][\/et_pb_column][\/et_pb_row][\/et_pb_section][et_pb_section fb_built=\u00a0\u00bb1&Prime; _builder_version=\u00a0\u00bb4.9.7&Prime; _module_preset=\u00a0\u00bbdefault\u00a0\u00bb][et_pb_row admin_label=\u00a0\u00bbRow\u00a0\u00bb _builder_version=\u00a0\u00bb4.9.7&Prime; _module_preset=\u00a0\u00bbdefault\u00a0\u00bb width=\u00a0\u00bb90%\u00a0\u00bb max_width=\u00a0\u00bb100%\u00a0\u00bb][et_pb_column type=\u00a0\u00bb4_4&Prime; _builder_version=\u00a0\u00bb4.9.7&Prime; _module_preset=\u00a0\u00bbdefault\u00a0\u00bb][et_pb_text _builder_version=\u00a0\u00bb4.9.7&Prime; _module_preset=\u00a0\u00bbdefault\u00a0\u00bb text_font=\u00a0\u00bbMontserrat||||||||\u00a0\u00bb text_text_color=\u00a0\u00bb#585858&Prime; text_font_size=\u00a0\u00bb22px\u00a0\u00bb text_letter_spacing=\u00a0\u00bb8px\u00a0\u00bb]<\/p>\n<p>Ev\u00e9nements:<\/p>\n<p>[\/et_pb_text][\/et_pb_column][\/et_pb_row][et_pb_row admin_label=\u00a0\u00bbRow\u00a0\u00bb _builder_version=\u00a0\u00bb4.9.7&Prime; _module_preset=\u00a0\u00bbdefault\u00a0\u00bb width=\u00a0\u00bb85%\u00a0\u00bb max_width=\u00a0\u00bb100%\u00a0\u00bb][et_pb_column type=\u00a0\u00bb4_4&Prime; _builder_version=\u00a0\u00bb4.9.7&Prime; _module_preset=\u00a0\u00bbdefault\u00a0\u00bb][et_pb_code _builder_version=\u00a0\u00bb4.9.7&Prime; _module_preset=\u00a0\u00bbdefault\u00a0\u00bb]\n\n<link rel=\"stylesheet\" href=\"https:\/\/www.carthagoceramic.com\/wp-content\/themes\/Divi\/custom-post\/news_style_2.css\">\n\n\n\n\n<div class=\"bloc-news\">\n\n\n                <a href=\"sencon-2024\">\n        <div class=\"news\" style=\"background-image: url(https:\/\/www.carthagoceramic.com\/wp-content\/uploads\/2024\/03\/WhatsApp-Image-2024-03-15-a-15.32.28_abbecf31.jpg);\">\n            \n            <div class=\"bloc-contenu-news\">\n                <p>f\u00e9vrier 22, 2024<\/p>\n                <h2>SENCON 2024<\/h2> \n            <\/div>\n            <div class=\"bloc-background-news\"><\/div>   \n\n        <\/div>\n        <\/a>\n\n                <a href=\"archibat-2023\">\n        <div class=\"news\" style=\"background-image: url(https:\/\/www.carthagoceramic.com\/wp-content\/uploads\/2024\/03\/410014725_322300234045791_2464946839323936855_n.jpg);\">\n\n        <div class=\"bloc-contenu-news\">\n                <p>d\u00e9cembre 22, 2023<\/p>\n                <h2>ARCHIBAT 2023<\/h2> \n            <\/div>\n            <div class=\"bloc-background-news\"><\/div> \n\n        <\/div>\n        <\/a>\n\n\n\n                <a href=\"cevisama-2023\">\n        <div class=\"news\" style=\"background-image: url(https:\/\/www.carthagoceramic.com\/wp-content\/uploads\/2023\/03\/Carthago-ceramic.webp);\">\n\n        <div class=\"bloc-contenu-news\">\n                <p>mars 15, 2023<\/p>\n                <h2>CEVISAMA 2023<\/h2> \n            <\/div>\n            <div class=\"bloc-background-news\"><\/div> \n\n        <\/div>\n        <\/a>\n\n\n\n\n\n\n\n\n<\/div>\n\n\n\n\n\n\n[\/et_pb_code][\/et_pb_column][\/et_pb_row][et_pb_row admin_label=\u00a0\u00bbRow\u00a0\u00bb _builder_version=\u00a0\u00bb4.9.7&Prime; _module_preset=\u00a0\u00bbdefault\u00a0\u00bb width=\u00a0\u00bb90%\u00a0\u00bb max_width=\u00a0\u00bb100%\u00a0\u00bb][et_pb_column type=\u00a0\u00bb4_4&Prime; _builder_version=\u00a0\u00bb4.9.7&Prime; _module_preset=\u00a0\u00bbdefault\u00a0\u00bb][et_pb_text _builder_version=\u00a0\u00bb4.9.7&Prime; _module_preset=\u00a0\u00bbdefault\u00a0\u00bb text_font=\u00a0\u00bbMontserrat||||||||\u00a0\u00bb text_text_color=\u00a0\u00bb#585858&Prime; text_font_size=\u00a0\u00bb22px\u00a0\u00bb text_letter_spacing=\u00a0\u00bb8px\u00a0\u00bb]<\/p>\n<p>News:<\/p>\n<p>[\/et_pb_text][\/et_pb_column][\/et_pb_row][et_pb_row admin_label=\u00a0\u00bbRow\u00a0\u00bb _builder_version=\u00a0\u00bb4.9.7&Prime; _module_preset=\u00a0\u00bbdefault\u00a0\u00bb width=\u00a0\u00bb85%\u00a0\u00bb max_width=\u00a0\u00bb100%\u00a0\u00bb][et_pb_column type=\u00a0\u00bb4_4&Prime; _builder_version=\u00a0\u00bb4.9.7&Prime; _module_preset=\u00a0\u00bbdefault\u00a0\u00bb][et_pb_code _builder_version=\u00a0\u00bb4.9.7&Prime; _module_preset=\u00a0\u00bbdefault\u00a0\u00bb]\n\n<link rel=\"stylesheet\" href=\"https:\/\/www.carthagoceramic.com\/wp-content\/themes\/Divi\/custom-post\/news_style_2.css\">\n\n\n\n\n\n<div class=\"bloc-news\">\n\n\n                <a href=\"mise-ajour-du-certificat-iso-9001-v-2015\">\n        <div class=\"news\" style=\"background-image: url(https:\/\/www.carthagoceramic.com\/wp-content\/uploads\/2023\/07\/Mise-en-avant-2-1.webp);\">\n            \n            <div class=\"bloc-contenu-news\">\n                <p>juillet 13, 2023<\/p>\n                <h2>Mise ajour du certificat ISO 9001 V 2015<\/h2> \n            <\/div>\n            <div class=\"bloc-background-news\"><\/div>   \n\n        <\/div>\n        <\/a>\n\n                <a href=\"salon-batiment-carthage-2022-carthago-ceramic-pgh-cree-evenement\">\n        <div class=\"news\" style=\"background-image: url(https:\/\/www.carthagoceramic.com\/wp-content\/uploads\/2022\/06\/taieb-ketari-carthago-ceramic.jpg);\">\n\n        <div class=\"bloc-contenu-news\">\n                <p>juin 8, 2022<\/p>\n                <h2>Salon du b\u00e2timent Carthage 2022: Carthago Ceramic (PGH) cr\u00e9e l\u2019\u00e9v\u00e8nement<\/h2> \n            <\/div>\n            <div class=\"bloc-background-news\"><\/div> \n\n        <\/div>\n        <\/a>\n\n\n\n                <a href=\"nouvelle-usine-4-0-de-fabrication-de-pavement\">\n        <div class=\"news\" style=\"background-image: url(https:\/\/www.carthagoceramic.com\/wp-content\/uploads\/2021\/11\/Logo-Prestige-carthago.webp);\">\n\n        <div class=\"bloc-contenu-news\">\n                <p>f\u00e9vrier 1, 2021<\/p>\n                <h2>Nouvelle usine 4.0 de fabrication de pavement<\/h2> \n            <\/div>\n            <div class=\"bloc-background-news\"><\/div> \n\n        <\/div>\n        <\/a>\n\n\n\n\n\n\n\n\n<\/div>\n\n\n\n\n\n\n\n\n[\/et_pb_code][\/et_pb_column][\/et_pb_row][\/et_pb_section]<\/p>\n","protected":false},"excerpt":{"rendered":"<p>NOUVELLE USINE 4.0 DE FABRICATION DE PAVEMENTNouvelle usine 4.0 \u00e0 Djbel Ouest, sp\u00e9cialis\u00e9e dans la production et la commercialisation des carreaux c\u00e9ramiques avec une capacit\u00e9 de production de 16 000 M\u00b2Dot\u00e9e des technologies de production \u00e0 la pointe de l\u2019innovation permettant d\u2019offrir sur le march\u00e9 local ou \u00e0 l\u2019export, une parfaite qualit\u00e9 de pavement haut [&hellip;]<\/p>\n","protected":false},"author":1,"featured_media":0,"parent":0,"menu_order":0,"comment_status":"closed","ping_status":"closed","template":"","meta":{"_acf_changed":false,"_et_pb_use_builder":"on","_et_pb_old_content":"","_et_gb_content_width":"","footnotes":""},"acf":[],"_links":{"self":[{"href":"https:\/\/www.carthagoceramic.com\/fr\/wp-json\/wp\/v2\/pages\/1807"}],"collection":[{"href":"https:\/\/www.carthagoceramic.com\/fr\/wp-json\/wp\/v2\/pages"}],"about":[{"href":"https:\/\/www.carthagoceramic.com\/fr\/wp-json\/wp\/v2\/types\/page"}],"author":[{"embeddable":true,"href":"https:\/\/www.carthagoceramic.com\/fr\/wp-json\/wp\/v2\/users\/1"}],"replies":[{"embeddable":true,"href":"https:\/\/www.carthagoceramic.com\/fr\/wp-json\/wp\/v2\/comments?post=1807"}],"version-history":[{"count":75,"href":"https:\/\/www.carthagoceramic.com\/fr\/wp-json\/wp\/v2\/pages\/1807\/revisions"}],"predecessor-version":[{"id":17992,"href":"https:\/\/www.carthagoceramic.com\/fr\/wp-json\/wp\/v2\/pages\/1807\/revisions\/17992"}],"wp:attachment":[{"href":"https:\/\/www.carthagoceramic.com\/fr\/wp-json\/wp\/v2\/media?parent=1807"}],"curies":[{"name":"wp","href":"https:\/\/api.w.org\/{rel}","templated":true}]}}