{"id":1968,"date":"2021-11-22T14:53:21","date_gmt":"2021-11-22T14:53:21","guid":{"rendered":"https:\/\/www.carthagoceramic.com\/shop\/"},"modified":"2024-04-26T15:24:24","modified_gmt":"2024-04-26T15:24:24","slug":"produits","status":"publish","type":"page","link":"https:\/\/www.carthagoceramic.com\/fr\/produits\/","title":{"rendered":"Produits"},"content":{"rendered":"<p>[et_pb_section fb_built=\u00a0\u00bb1&Prime; _builder_version=\u00a0\u00bb3.22&Prime;][et_pb_row _builder_version=\u00a0\u00bb3.25&Prime; background_size=\u00a0\u00bbinitial\u00a0\u00bb background_position=\u00a0\u00bbtop_left\u00a0\u00bb background_repeat=\u00a0\u00bbrepeat\u00a0\u00bb][et_pb_column type=\u00a0\u00bb4_4&Prime; _builder_version=\u00a0\u00bb3.25&Prime; custom_padding=\u00a0\u00bb|||\u00a0\u00bb custom_padding__hover=\u00a0\u00bb|||\u00a0\u00bb][et_pb_text _builder_version=\u00a0\u00bb3.27.4&Prime; background_size=\u00a0\u00bbinitial\u00a0\u00bb background_position=\u00a0\u00bbtop_left\u00a0\u00bb background_repeat=\u00a0\u00bbrepeat\u00a0\u00bb]<strong>Carthago ceramic<\/strong> est la bonne adresse pour trouver des articles de qualit\u00e9 au meilleur prix. Le carrelage que vous poserez pour votre salle de bain sera d\u00e9terminant dans l\u2019impression g\u00e9n\u00e9rale qui se d\u00e9gagera de cette pi\u00e8ce. Si vous optez pour un carrelage adapt\u00e9, les meubles salle de bain que vous trouverez dans notre boutique seront \u00e9galement valoris\u00e9s, pour un ensemble coh\u00e9rent et agr\u00e9able visuellement. Nos points de vente vous pr\u00e9sentent une grande vari\u00e9t\u00e9 de carrelage (effet marbre, effet ciment, effet m\u00e9tal, effet bois). La qualit\u00e9 reste le point commun des produits que nous vous proposons, avec des possibilit\u00e9s de choix pour tous les go\u00fbts. La dimension esth\u00e9tique du carrelage donne une orientation \u00e0 l\u2019ensemble d\u2019une d\u00e9coration d\u2019int\u00e9rieur.<\/p>\n<p><strong>Carthago ceramic<\/strong> pour vous les meilleurs produits, en terme de r\u00e9sistance et d&rsquo;esth\u00e9tisme, afin de vous proposer un large choix \u00e0 un prix exceptionnel. Du traditionnel \u00e0 l&rsquo; ultra-contemporain, cette offre diversifi\u00e9e vous est pr\u00e9sent\u00e9e sur une boutique agr\u00e9able, pr\u00eate \u00e0 satisfaire chacune de vos envies, pour une personnalisation totale de vos espaces. Pour les amateurs de d\u00e9coration d\u2019int\u00e9rieur, nos points de vente de carrelage peut \u00eatre consid\u00e9r\u00e9e comme une irr\u00e9sistible invitation \u00e0 changer ou am\u00e9liorer un int\u00e9rieur. Nous sommes sp\u00e9cialistes du carrelage depuis plusieurs ann\u00e9es, et la gamme de carrelage pas cher que nous proposons est de nature \u00e0 vous donner des id\u00e9es originales pour une d\u00e9coration refaite. Si votre salle de bain est couverte d\u2019un vieux carrelage, les prix int\u00e9ressants de nos offres peuvent vous permettre d\u2019envisager des changements de votre carrelage juste pour votre plaisir. Pour les murs et les sols de toutes les pi\u00e8ces de la maison, vous trouverez forc\u00e9ment dans nos diff\u00e9rentes rubriques un produit qui vous inspirera, tout en \u00e9tant accessible au meilleur prix.<\/p>\n<p>Que vous cherchiez du carrelage pour votre salle de bain, votre cuisine ou toute autre pi\u00e8ce de votre maison, vous trouverez chez <strong>Carthago ceramic<\/strong> Boutique des mod\u00e8les, des motifs et des formats qui sauront r\u00e9pondre \u00e0 vos attentes. Nous sommes fiers de proposer \u00e0 nos clients des produits pris\u00e9s par les amateurs de d\u00e9coration d\u2019int\u00e9rieur et les professionnels du b\u00e2timent \u00e0 des prix n\u00e9goci\u00e9s au plus bas pour une qualit\u00e9 irr\u00e9prochable.<\/p>\n<p>En choisissant <strong>Carthago ceramic<\/strong> pour l\u2019achat de votre carrelage en <strong>Tunisie<\/strong>, vous \u00eates assur\u00e9 de trouver des produits de qualit\u00e9 \u00e0 des prix comp\u00e9titifs. N\u2019h\u00e9sitez pas \u00e0 nous rendre visite pour d\u00e9couvrir notre large s\u00e9lection de carrelages pas chers pour toutes vos pi\u00e8ces.<\/p>\n<p>Chez <strong>Carthago ceramic<\/strong>, nous sommes dans une recherche constante d\u2019articles d\u2019exception, pour le bonheur des clients les plus exigeants. Notre produit en provenance du monde entier r\u00e9pondent \u00e0 des standards internationaux en termes de qualit\u00e9 et de style.<\/p>\n<p>Visitez notre showroom en ligne ou nos points de vente, vous allez d\u00e9couvrir des rev\u00eatements qui connaissent un v\u00e9ritable succ\u00e8s \u00e0 Tunisie et au-del\u00e0. Nos experts sont \u00e0 votre disposition pour vous conseiller afin de garantir des choix de rev\u00eatements qui sublimeront agr\u00e9ablement vos pi\u00e8ces.<\/p>\n<p>Afin d\u2019assurer la satisfaction de ses clients, <strong>Carthago Ceramic<\/strong> lance un syst\u00e8me de management qualit\u00e9 avant-gardist et tr\u00e8s d\u00e9velopp\u00e9.<\/p>\n<p>D\u2019o\u00f9 sa<strong>\u00a0Certification ISO 9001 version 2015.<\/strong><\/p>\n<p>Si\u00a0<strong>CARTHAGO CERAMIC<\/strong>\u00a0conna\u00eet un succ\u00e8s qui perdure dans le temps, ce n\u2019est pas un hasard, c\u2019est gr\u00e2ce \u00e0 sa dext\u00e9rit\u00e9 et son exp\u00e9rience qu\u2019elle ne prend jamais pour acquis.<\/p>\n<p>Toujours \u00e0 la recherche des nouvelles tendances design.<\/p>\n<p><strong>Consciencieuse et rigoureuse :<\/strong><\/p>\n<p>Au del\u00e0 de design, la qualit\u00e9 prime sur la production de ses produits qui sont soumis \u00e0 des tests de qualit\u00e9.<\/p>\n<p><strong>Attrayante :<br \/>\n<\/strong><br \/>\nPar la variabilit\u00e9 de ses produits, formats et mod\u00e8les toujours aussi diversifi\u00e9s.<\/p>\n<p>Eco-responsable :<\/p>\n<p><strong>CARTHAGO CERAMIC<\/strong>, soucieuse du respect de l\u2019environnement gr\u00e2ce \u00e0 ses \u00e9quipements d\u2019\u00e9conomie d\u2019\u00e9nergie et le recyclage de ses d\u00e9chets, les entreprises du p\u00f4le:\u00a0<strong>CARTHAGO CERAMIC<\/strong>,\u00a0<strong>CARTHAGO BRIQUE<\/strong>,\u00a0<strong>CARTAKOLL<\/strong>\u00a0ont d\u00e9cid\u00e9de communiquer sur les principes de Green Company.<br \/>\n[\/et_pb_text][\/et_pb_column][\/et_pb_row][\/et_pb_section]<\/p>\n","protected":false},"excerpt":{"rendered":"<p>[et_pb_section fb_built=\u00a0\u00bb1&Prime; _builder_version=\u00a0\u00bb3.22&Prime;][et_pb_row _builder_version=\u00a0\u00bb3.25&Prime; background_size=\u00a0\u00bbinitial\u00a0\u00bb background_position=\u00a0\u00bbtop_left\u00a0\u00bb background_repeat=\u00a0\u00bbrepeat\u00a0\u00bb][et_pb_column type=\u00a0\u00bb4_4&Prime; _builder_version=\u00a0\u00bb3.25&Prime; custom_padding=\u00a0\u00bb|||\u00a0\u00bb custom_padding__hover=\u00a0\u00bb|||\u00a0\u00bb][et_pb_text _builder_version=\u00a0\u00bb3.27.4&Prime; background_size=\u00a0\u00bbinitial\u00a0\u00bb background_position=\u00a0\u00bbtop_left\u00a0\u00bb background_repeat=\u00a0\u00bbrepeat\u00a0\u00bb]Carthago ceramic est la bonne adresse pour trouver des articles de qualit\u00e9 au meilleur prix. Le carrelage que vous poserez pour votre salle de bain sera d\u00e9terminant dans l\u2019impression g\u00e9n\u00e9rale qui se d\u00e9gagera de cette pi\u00e8ce. Si vous optez pour un [&hellip;]<\/p>\n","protected":false},"author":1,"featured_media":0,"parent":0,"menu_order":0,"comment_status":"closed","ping_status":"closed","template":"","meta":{"_et_pb_use_builder":"on","_et_pb_old_content":"<p><strong>Carthago ceramic<\/strong> est la bonne adresse pour trouver des articles de qualit\u00e9 au meilleur prix. Le carrelage que vous poserez pour votre salle de bain sera d\u00e9terminant dans l\u2019impression g\u00e9n\u00e9rale qui se d\u00e9gagera de cette pi\u00e8ce. Si vous optez pour un carrelage adapt\u00e9, les meubles salle de bain que vous trouverez dans notre boutique seront \u00e9galement valoris\u00e9s, pour un ensemble coh\u00e9rent et agr\u00e9able visuellement. Nos points de vente vous pr\u00e9sentent une grande vari\u00e9t\u00e9 de carrelage (effet marbre, effet ciment, effet m\u00e9tal, effet bois). La qualit\u00e9 reste le point commun des produits que nous vous proposons, avec des possibilit\u00e9s de choix pour tous les go\u00fbts. La dimension esth\u00e9tique du carrelage donne une orientation \u00e0 l\u2019ensemble d\u2019une d\u00e9coration d\u2019int\u00e9rieur.<\/p><p><strong>Carthago ceramic<\/strong> pour vous les meilleurs produits, en terme de r\u00e9sistance et d'esth\u00e9tisme, afin de vous proposer un large choix \u00e0 un prix exceptionnel. Du traditionnel \u00e0 l' ultra-contemporain, cette offre diversifi\u00e9e vous est pr\u00e9sent\u00e9e sur une boutique agr\u00e9able, pr\u00eate \u00e0 satisfaire chacune de vos envies, pour une personnalisation totale de vos espaces. Pour les amateurs de d\u00e9coration d\u2019int\u00e9rieur, nos points de vente de carrelage peut \u00eatre consid\u00e9r\u00e9e comme une irr\u00e9sistible invitation \u00e0 changer ou am\u00e9liorer un int\u00e9rieur. Nous sommes sp\u00e9cialistes du carrelage depuis plusieurs ann\u00e9es, et la gamme de carrelage pas cher que nous proposons est de nature \u00e0 vous donner des id\u00e9es originales pour une d\u00e9coration refaite. Si votre salle de bain est couverte d\u2019un vieux carrelage, les prix int\u00e9ressants de nos offres peuvent vous permettre d\u2019envisager des changements de votre carrelage juste pour votre plaisir. Pour les murs et les sols de toutes les pi\u00e8ces de la maison, vous trouverez forc\u00e9ment dans nos diff\u00e9rentes rubriques un produit qui vous inspirera, tout en \u00e9tant accessible au meilleur prix.<\/p><p>Que vous cherchiez du carrelage pour votre salle de bain, votre cuisine ou toute autre pi\u00e8ce de votre maison, vous trouverez chez <strong>Carthago ceramic<\/strong> Boutique des mod\u00e8les, des motifs et des formats qui sauront r\u00e9pondre \u00e0 vos attentes. Nous sommes fiers de proposer \u00e0 nos clients des produits pris\u00e9s par les amateurs de d\u00e9coration d\u2019int\u00e9rieur et les professionnels du b\u00e2timent \u00e0 des prix n\u00e9goci\u00e9s au plus bas pour une qualit\u00e9 irr\u00e9prochable.<\/p><p>En choisissant <strong>Carthago ceramic<\/strong> pour l\u2019achat de votre carrelage en <strong>Tunisie<\/strong>, vous \u00eates assur\u00e9 de trouver des produits de qualit\u00e9 \u00e0 des prix comp\u00e9titifs. N\u2019h\u00e9sitez pas \u00e0 nous rendre visite pour d\u00e9couvrir notre large s\u00e9lection de carrelages pas chers pour toutes vos pi\u00e8ces.<\/p><p>Chez <strong>Carthago ceramic<\/strong>, nous sommes dans une recherche constante d\u2019articles d\u2019exception, pour le bonheur des clients les plus exigeants. Notre produit en provenance du monde entier r\u00e9pondent \u00e0 des standards internationaux en termes de qualit\u00e9 et de style.<\/p><p>Visitez notre showroom en ligne ou nos points de vente, vous allez d\u00e9couvrir des rev\u00eatements qui connaissent un v\u00e9ritable succ\u00e8s \u00e0 Tunisie et au-del\u00e0. Nos experts sont \u00e0 votre disposition pour vous conseiller afin de garantir des choix de rev\u00eatements qui sublimeront agr\u00e9ablement vos pi\u00e8ces.<\/p><p>Afin d\u2019assurer la satisfaction de ses clients, <strong>Carthago Ceramic<\/strong> lance un syst\u00e8me de management qualit\u00e9 avant-gardist et tr\u00e8s d\u00e9velopp\u00e9.<\/p><p>D\u2019o\u00f9 sa<strong>\u00a0Certification ISO 9001 version 2015.<\/strong><\/p><p>Si\u00a0<strong>CARTHAGO CERAMIC<\/strong>\u00a0conna\u00eet un succ\u00e8s qui perdure dans le temps, ce n\u2019est pas un hasard, c\u2019est gr\u00e2ce \u00e0 sa dext\u00e9rit\u00e9 et son exp\u00e9rience qu\u2019elle ne prend jamais pour acquis.<\/p><p>Toujours \u00e0 la recherche des nouvelles tendances design.<\/p><p><strong>Consciencieuse et rigoureuse :<\/strong><\/p><p>Au del\u00e0 de design, la qualit\u00e9 prime sur la production de ses produits qui sont soumis \u00e0 des tests de qualit\u00e9.<\/p><p><strong>Attrayante :<br \/><\/strong><br \/>Par la variabilit\u00e9 de ses produits, formats et mod\u00e8les toujours aussi diversifi\u00e9s.<\/p><p>Eco-responsable :<\/p><p><strong>CARTHAGO CERAMIC<\/strong>, soucieuse du respect de l\u2019environnement gr\u00e2ce \u00e0 ses \u00e9quipements d\u2019\u00e9conomie d\u2019\u00e9nergie et le recyclage de ses d\u00e9chets, les entreprises du p\u00f4le:\u00a0<strong>CARTHAGO CERAMIC<\/strong>,\u00a0<strong>CARTHAGO BRIQUE<\/strong>,\u00a0<strong>CARTAKOLL<\/strong>\u00a0ont d\u00e9cid\u00e9de communiquer sur les principes de Green Company.<\/p>","_et_gb_content_width":""},"_links":{"self":[{"href":"https:\/\/www.carthagoceramic.com\/fr\/wp-json\/wp\/v2\/pages\/1968"}],"collection":[{"href":"https:\/\/www.carthagoceramic.com\/fr\/wp-json\/wp\/v2\/pages"}],"about":[{"href":"https:\/\/www.carthagoceramic.com\/fr\/wp-json\/wp\/v2\/types\/page"}],"author":[{"embeddable":true,"href":"https:\/\/www.carthagoceramic.com\/fr\/wp-json\/wp\/v2\/users\/1"}],"replies":[{"embeddable":true,"href":"https:\/\/www.carthagoceramic.com\/fr\/wp-json\/wp\/v2\/comments?post=1968"}],"version-history":[{"count":12,"href":"https:\/\/www.carthagoceramic.com\/fr\/wp-json\/wp\/v2\/pages\/1968\/revisions"}],"predecessor-version":[{"id":17370,"href":"https:\/\/www.carthagoceramic.com\/fr\/wp-json\/wp\/v2\/pages\/1968\/revisions\/17370"}],"wp:attachment":[{"href":"https:\/\/www.carthagoceramic.com\/fr\/wp-json\/wp\/v2\/media?parent=1968"}],"curies":[{"name":"wp","href":"https:\/\/api.w.org\/{rel}","templated":true}]}}