{"id":11931,"date":"2023-02-16T17:45:52","date_gmt":"2023-02-16T17:45:52","guid":{"rendered":"https:\/\/www.carthagoceramic.com\/?post_type=product&#038;p=11931"},"modified":"2023-05-03T10:08:04","modified_gmt":"2023-05-03T10:08:04","slug":"astello-60-x-60-mat","status":"publish","type":"product","link":"https:\/\/www.carthagoceramic.com\/fr\/produit\/astello-60-x-60-mat\/","title":{"rendered":"Astello 60 X 60 Mat"},"content":{"rendered":"","protected":false},"excerpt":{"rendered":"<p>Carrelage gris pour rev\u00eatement mural ou de sol \u00e0 l\u2019aspect de la pierre naturelle et aux performances du Gr\u00e8s C\u00e9rame qui se substitue avec succ\u00e8s \u00e0 la pierre authentique.<\/p>\n","protected":false},"featured_media":11935,"template":"","meta":{"_acf_changed":false,"_et_pb_use_builder":"","_et_pb_old_content":"","_et_gb_content_width":""},"product_cat":[28],"product_tag":[],"acf":[],"_links":{"self":[{"href":"https:\/\/www.carthagoceramic.com\/fr\/wp-json\/wp\/v2\/product\/11931"}],"collection":[{"href":"https:\/\/www.carthagoceramic.com\/fr\/wp-json\/wp\/v2\/product"}],"about":[{"href":"https:\/\/www.carthagoceramic.com\/fr\/wp-json\/wp\/v2\/types\/product"}],"wp:featuredmedia":[{"embeddable":true,"href":"https:\/\/www.carthagoceramic.com\/fr\/wp-json\/wp\/v2\/media\/11935"}],"wp:attachment":[{"href":"https:\/\/www.carthagoceramic.com\/fr\/wp-json\/wp\/v2\/media?parent=11931"}],"wp:term":[{"taxonomy":"product_cat","embeddable":true,"href":"https:\/\/www.carthagoceramic.com\/fr\/wp-json\/wp\/v2\/product_cat?post=11931"},{"taxonomy":"product_tag","embeddable":true,"href":"https:\/\/www.carthagoceramic.com\/fr\/wp-json\/wp\/v2\/product_tag?post=11931"}],"curies":[{"name":"wp","href":"https:\/\/api.w.org\/{rel}","templated":true}]}}