{"id":11961,"date":"2023-02-16T18:03:16","date_gmt":"2023-02-16T18:03:16","guid":{"rendered":"https:\/\/www.carthagoceramic.com\/?post_type=product&#038;p=11961"},"modified":"2023-05-03T09:44:16","modified_gmt":"2023-05-03T09:44:16","slug":"cairo-60-x-120-mat","status":"publish","type":"product","link":"https:\/\/www.carthagoceramic.com\/fr\/produit\/cairo-60-x-120-mat\/","title":{"rendered":"Cairo 30 X 60 Mat"},"content":{"rendered":"","protected":false},"excerpt":{"rendered":"<p>Carrelage gris effet ciment pour rev\u00eatement mural ou de sol \u00e0 l\u2019aspect du ciment et aux performances du Gr\u00e8s C\u00e9rame qui se substitue avec succ\u00e8s \u00e0 la pierre authentique.<\/p>\n","protected":false},"featured_media":11963,"template":"","meta":{"_acf_changed":false,"_et_pb_use_builder":"","_et_pb_old_content":"","_et_gb_content_width":""},"product_cat":[28],"product_tag":[],"acf":[],"_links":{"self":[{"href":"https:\/\/www.carthagoceramic.com\/fr\/wp-json\/wp\/v2\/product\/11961"}],"collection":[{"href":"https:\/\/www.carthagoceramic.com\/fr\/wp-json\/wp\/v2\/product"}],"about":[{"href":"https:\/\/www.carthagoceramic.com\/fr\/wp-json\/wp\/v2\/types\/product"}],"wp:featuredmedia":[{"embeddable":true,"href":"https:\/\/www.carthagoceramic.com\/fr\/wp-json\/wp\/v2\/media\/11963"}],"wp:attachment":[{"href":"https:\/\/www.carthagoceramic.com\/fr\/wp-json\/wp\/v2\/media?parent=11961"}],"wp:term":[{"taxonomy":"product_cat","embeddable":true,"href":"https:\/\/www.carthagoceramic.com\/fr\/wp-json\/wp\/v2\/product_cat?post=11961"},{"taxonomy":"product_tag","embeddable":true,"href":"https:\/\/www.carthagoceramic.com\/fr\/wp-json\/wp\/v2\/product_tag?post=11961"}],"curies":[{"name":"wp","href":"https:\/\/api.w.org\/{rel}","templated":true}]}}