{"id":12007,"date":"2023-02-16T19:02:58","date_gmt":"2023-02-16T19:02:58","guid":{"rendered":"https:\/\/www.carthagoceramic.com\/?post_type=product&#038;p=12007"},"modified":"2023-05-03T09:10:36","modified_gmt":"2023-05-03T09:10:36","slug":"rosso-60-x-120-brillant","status":"publish","type":"product","link":"https:\/\/www.carthagoceramic.com\/fr\/produit\/rosso-60-x-120-brillant\/","title":{"rendered":"Rosso 60 X 120 Brillant"},"content":{"rendered":"","protected":false},"excerpt":{"rendered":"<p>Notre prestigieux carrelage en c\u00e9ramique \u00e0 effet marbre se pr\u00eate \u00e0 l\u2019ornement de n\u2019importe quel espace, commercial ou \u00e0 usage domestique.<\/p>\n","protected":false},"featured_media":12011,"template":"","meta":{"_acf_changed":false,"_et_pb_use_builder":"","_et_pb_old_content":"","_et_gb_content_width":""},"product_cat":[28],"product_tag":[],"acf":[],"_links":{"self":[{"href":"https:\/\/www.carthagoceramic.com\/fr\/wp-json\/wp\/v2\/product\/12007"}],"collection":[{"href":"https:\/\/www.carthagoceramic.com\/fr\/wp-json\/wp\/v2\/product"}],"about":[{"href":"https:\/\/www.carthagoceramic.com\/fr\/wp-json\/wp\/v2\/types\/product"}],"wp:featuredmedia":[{"embeddable":true,"href":"https:\/\/www.carthagoceramic.com\/fr\/wp-json\/wp\/v2\/media\/12011"}],"wp:attachment":[{"href":"https:\/\/www.carthagoceramic.com\/fr\/wp-json\/wp\/v2\/media?parent=12007"}],"wp:term":[{"taxonomy":"product_cat","embeddable":true,"href":"https:\/\/www.carthagoceramic.com\/fr\/wp-json\/wp\/v2\/product_cat?post=12007"},{"taxonomy":"product_tag","embeddable":true,"href":"https:\/\/www.carthagoceramic.com\/fr\/wp-json\/wp\/v2\/product_tag?post=12007"}],"curies":[{"name":"wp","href":"https:\/\/api.w.org\/{rel}","templated":true}]}}