{"id":12909,"date":"2023-04-09T11:41:56","date_gmt":"2023-04-09T11:41:56","guid":{"rendered":"https:\/\/www.carthagoceramic.com\/?post_type=product&#038;p=12909"},"modified":"2023-04-09T11:57:19","modified_gmt":"2023-04-09T11:57:19","slug":"cuisine-faience-blanche-necsus-30x60-brillant","status":"publish","type":"product","link":"https:\/\/www.carthagoceramic.com\/fr\/produit\/cuisine-faience-blanche-necsus-30x60-brillant\/","title":{"rendered":"Necsus 30X60 Brillant"},"content":{"rendered":"","protected":false},"excerpt":{"rendered":"<p>Pour r\u00e9pondre \u00e0 des besoins toujours aussi exigeants et pointilleux,\u00a0Carthago C\u00e9ramic, vous offre qualit\u00e9, quantit\u00e9 et vari\u00e9t\u00e9, gr\u00e2ce \u00e0 notre large gamme de fa\u00efence pour chaque type d\u2019ambiance\u00a0souhait\u00e9e et chaque mur \u00e0 rev\u00eatir dans votre\u00a0cuisine,\u00a0salle de bain,\u00a0salon,\u00a0chambre,\u00a0terrasse,\u00a0v\u00e9randa\u2026<\/p>\n","protected":false},"featured_media":12919,"template":"","meta":{"_et_pb_use_builder":"","_et_pb_old_content":"","_et_gb_content_width":""},"product_cat":[79],"product_tag":[],"_links":{"self":[{"href":"https:\/\/www.carthagoceramic.com\/fr\/wp-json\/wp\/v2\/product\/12909"}],"collection":[{"href":"https:\/\/www.carthagoceramic.com\/fr\/wp-json\/wp\/v2\/product"}],"about":[{"href":"https:\/\/www.carthagoceramic.com\/fr\/wp-json\/wp\/v2\/types\/product"}],"wp:featuredmedia":[{"embeddable":true,"href":"https:\/\/www.carthagoceramic.com\/fr\/wp-json\/wp\/v2\/media\/12919"}],"wp:attachment":[{"href":"https:\/\/www.carthagoceramic.com\/fr\/wp-json\/wp\/v2\/media?parent=12909"}],"wp:term":[{"taxonomy":"product_cat","embeddable":true,"href":"https:\/\/www.carthagoceramic.com\/fr\/wp-json\/wp\/v2\/product_cat?post=12909"},{"taxonomy":"product_tag","embeddable":true,"href":"https:\/\/www.carthagoceramic.com\/fr\/wp-json\/wp\/v2\/product_tag?post=12909"}],"curies":[{"name":"wp","href":"https:\/\/api.w.org\/{rel}","templated":true}]}}