{"id":13273,"date":"2023-05-29T11:02:31","date_gmt":"2023-05-29T11:02:31","guid":{"rendered":"https:\/\/www.carthagoceramic.com\/?post_type=product&#038;p=13273"},"modified":"2023-05-30T16:43:50","modified_gmt":"2023-05-30T16:43:50","slug":"lagos-15x60-mat","status":"publish","type":"product","link":"https:\/\/www.carthagoceramic.com\/fr\/produit\/lagos-15x60-mat\/","title":{"rendered":"Lagos 15X60 Mat"},"content":{"rendered":"","protected":false},"excerpt":{"rendered":"<p>En termes de style, les pavements de la marque \u00ab\u00a0Tanit C\u00e9ramique\u00a0\u00bb offrent une vaste gamme de designs et de motifs. Que vous recherchiez un look contemporain et minimaliste ou un aspect plus traditionnel et chaleureux, vous trouverez certainement le carreau qui correspond \u00e0 vos go\u00fbts et \u00e0 votre style de d\u00e9coration. La marque propose une vari\u00e9t\u00e9 de couleurs, de textures et de finitions pour vous permettre de cr\u00e9er un espace unique et personnalis\u00e9.<\/p>\n","protected":false},"featured_media":13293,"template":"","meta":{"_et_pb_use_builder":"","_et_pb_old_content":"","_et_gb_content_width":""},"product_cat":[81],"product_tag":[],"_links":{"self":[{"href":"https:\/\/www.carthagoceramic.com\/fr\/wp-json\/wp\/v2\/product\/13273"}],"collection":[{"href":"https:\/\/www.carthagoceramic.com\/fr\/wp-json\/wp\/v2\/product"}],"about":[{"href":"https:\/\/www.carthagoceramic.com\/fr\/wp-json\/wp\/v2\/types\/product"}],"wp:featuredmedia":[{"embeddable":true,"href":"https:\/\/www.carthagoceramic.com\/fr\/wp-json\/wp\/v2\/media\/13293"}],"wp:attachment":[{"href":"https:\/\/www.carthagoceramic.com\/fr\/wp-json\/wp\/v2\/media?parent=13273"}],"wp:term":[{"taxonomy":"product_cat","embeddable":true,"href":"https:\/\/www.carthagoceramic.com\/fr\/wp-json\/wp\/v2\/product_cat?post=13273"},{"taxonomy":"product_tag","embeddable":true,"href":"https:\/\/www.carthagoceramic.com\/fr\/wp-json\/wp\/v2\/product_tag?post=13273"}],"curies":[{"name":"wp","href":"https:\/\/api.w.org\/{rel}","templated":true}]}}