{"id":13301,"date":"2023-05-29T11:50:09","date_gmt":"2023-05-29T11:50:09","guid":{"rendered":"https:\/\/www.carthagoceramic.com\/?post_type=product&#038;p=13301"},"modified":"2023-05-29T12:00:43","modified_gmt":"2023-05-29T12:00:43","slug":"amigo-46x46-mat","status":"publish","type":"product","link":"https:\/\/www.carthagoceramic.com\/fr\/produit\/amigo-46x46-mat\/","title":{"rendered":"Amigo 46X46 Mat"},"content":{"rendered":"","protected":false},"excerpt":{"rendered":"<p>Le carrelage c\u00e9ramique de la marque \u00ab\u00a0Tanit C\u00e9ramique\u00a0\u00bb se distinguent par leur durabilit\u00e9 remarquable. Fabriqu\u00e9s \u00e0 partir de mat\u00e9riaux de haute qualit\u00e9, ces carreaux sont con\u00e7us pour r\u00e9sister \u00e0 l&rsquo;usure quotidienne, aux rayures et aux chocs. Ils conservent leur aspect neuf pendant de nombreuses ann\u00e9es, ce qui en fait un investissement \u00e0 long terme pour votre espace.<\/p>\n","protected":false},"featured_media":13303,"template":"","meta":{"_acf_changed":false,"_et_pb_use_builder":"","_et_pb_old_content":"","_et_gb_content_width":""},"product_cat":[81],"product_tag":[],"acf":[],"_links":{"self":[{"href":"https:\/\/www.carthagoceramic.com\/fr\/wp-json\/wp\/v2\/product\/13301"}],"collection":[{"href":"https:\/\/www.carthagoceramic.com\/fr\/wp-json\/wp\/v2\/product"}],"about":[{"href":"https:\/\/www.carthagoceramic.com\/fr\/wp-json\/wp\/v2\/types\/product"}],"wp:featuredmedia":[{"embeddable":true,"href":"https:\/\/www.carthagoceramic.com\/fr\/wp-json\/wp\/v2\/media\/13303"}],"wp:attachment":[{"href":"https:\/\/www.carthagoceramic.com\/fr\/wp-json\/wp\/v2\/media?parent=13301"}],"wp:term":[{"taxonomy":"product_cat","embeddable":true,"href":"https:\/\/www.carthagoceramic.com\/fr\/wp-json\/wp\/v2\/product_cat?post=13301"},{"taxonomy":"product_tag","embeddable":true,"href":"https:\/\/www.carthagoceramic.com\/fr\/wp-json\/wp\/v2\/product_tag?post=13301"}],"curies":[{"name":"wp","href":"https:\/\/api.w.org\/{rel}","templated":true}]}}