{"id":13442,"date":"2023-05-29T14:53:52","date_gmt":"2023-05-29T14:53:52","guid":{"rendered":"https:\/\/www.carthagoceramic.com\/?post_type=product&#038;p=13442"},"modified":"2023-05-29T14:55:14","modified_gmt":"2023-05-29T14:55:14","slug":"elegance-56x56-brillant","status":"publish","type":"product","link":"https:\/\/www.carthagoceramic.com\/fr\/produit\/elegance-56x56-brillant\/","title":{"rendered":"Elegance 56X56 Brillant"},"content":{"rendered":"","protected":false},"excerpt":{"rendered":"<p>D\u00e9couvrez la perfection du carrelage Tanit C\u00e9ramique, le choix id\u00e9al pour sublimer vos espaces en Tunisie. Avec un savoir-faire in\u00e9gal\u00e9 et une qualit\u00e9 incomparable, nos carreaux allient esth\u00e9tique, durabilit\u00e9 et prix comp\u00e9titifs. Le carrelage Tanit C\u00e9ramique incarne l&rsquo;essence m\u00eame de l&rsquo;artisanat tunisien, fusionnant tradition et modernit\u00e9 pour cr\u00e9er des designs uniques. Chaque pi\u00e8ce est con\u00e7ue avec pr\u00e9cision, en utilisant les derni\u00e8res technologies et les meilleurs mat\u00e9riaux, pour vous offrir une beaut\u00e9 intemporelle qui r\u00e9siste \u00e0 l&rsquo;\u00e9preuve du temps.<\/p>\n","protected":false},"featured_media":13444,"template":"","meta":{"_et_pb_use_builder":"","_et_pb_old_content":"","_et_gb_content_width":""},"product_cat":[81],"product_tag":[],"_links":{"self":[{"href":"https:\/\/www.carthagoceramic.com\/fr\/wp-json\/wp\/v2\/product\/13442"}],"collection":[{"href":"https:\/\/www.carthagoceramic.com\/fr\/wp-json\/wp\/v2\/product"}],"about":[{"href":"https:\/\/www.carthagoceramic.com\/fr\/wp-json\/wp\/v2\/types\/product"}],"wp:featuredmedia":[{"embeddable":true,"href":"https:\/\/www.carthagoceramic.com\/fr\/wp-json\/wp\/v2\/media\/13444"}],"wp:attachment":[{"href":"https:\/\/www.carthagoceramic.com\/fr\/wp-json\/wp\/v2\/media?parent=13442"}],"wp:term":[{"taxonomy":"product_cat","embeddable":true,"href":"https:\/\/www.carthagoceramic.com\/fr\/wp-json\/wp\/v2\/product_cat?post=13442"},{"taxonomy":"product_tag","embeddable":true,"href":"https:\/\/www.carthagoceramic.com\/fr\/wp-json\/wp\/v2\/product_tag?post=13442"}],"curies":[{"name":"wp","href":"https:\/\/api.w.org\/{rel}","templated":true}]}}