{"id":13567,"date":"2023-05-30T10:53:13","date_gmt":"2023-05-30T10:53:13","guid":{"rendered":"https:\/\/www.carthagoceramic.com\/?post_type=product&#038;p=13567"},"modified":"2023-05-30T15:46:54","modified_gmt":"2023-05-30T15:46:54","slug":"montage-46x46-cotto-mat","status":"publish","type":"product","link":"https:\/\/www.carthagoceramic.com\/fr\/produit\/montage-46x46-cotto-mat\/","title":{"rendered":"Montage 46X46 COTTO Mat"},"content":{"rendered":"","protected":false},"excerpt":{"rendered":"<p>Le pavement cotto, \u00e9galement connu sous le nom de terre cuite, est un mat\u00e9riau de rev\u00eatement de sol qui a une longue histoire en Italie. Utilis\u00e9 depuis des si\u00e8cles, il est appr\u00e9ci\u00e9 pour sa beaut\u00e9 intemporelle et sa durabilit\u00e9.<\/p>\n<div class=\"x78zum5 x1r8uery xdt5ytf x1iyjqo2 xmz0i5r x6ikm8r x10wlt62 x1n2onr6\">\n<div class=\"x63ui4o x18i3tt1 x6ikm8r x10wlt62 x78zum5 x1iyjqo2 xdt5ytf\" role=\"grid\" aria-label=\"Messages in conversation with Walid Tarifa\">\n<div class=\"x1qjc9v5 x9f619 xdl72j9 x2lwn1j xeuugli x1n2onr6 x78zum5 xdt5ytf x1iyjqo2 xs83m0k xc8icb0 x6ikm8r x10wlt62 x1ja2u2z\">\n<div class=\"x78zum5 xdt5ytf x1iyjqo2 xs83m0k xc8icb0 x6ikm8r x10wlt62 x1ja2u2z\">\n<div class=\"x78zum5 xdt5ytf x1iyjqo2 x6ikm8r x10wlt62 x1n2onr6 x1xzczws\">\n<div class=\"x78zum5 xdt5ytf x1iyjqo2 xs83m0k x1xzczws x6ikm8r x1rife3k x1n2onr6 xh8yej3\">\n<div class=\"\">\n<div class=\"x1n2onr6\">\n<div class=\"__fb-light-mode x1n2onr6\" role=\"row\">\n<div class=\"\">\n<div class=\"x78zum5 xdt5ytf x1n2onr6\" tabindex=\"0\" role=\"gridcell\" data-release-focus-from=\"CLICK\" data-scope=\"messages_table\">\n<div>\n<div class=\"x78zum5\" role=\"none\">\n<div class=\"x78zum5 x1iyjqo2 xs83m0k xeuugli\" role=\"none\">\n<div class=\"x1h91t0o xkh2ocl x78zum5 xdt5ytf x13a6bvl xcrg951 x1r145dm\" role=\"none\">\n<div class=\"x78zum5 xh8yej3\" role=\"none\">\n<div class=\"x1cy8zhl x78zum5 xdt5ytf x193iq5w x1n2onr6\">\n<div class=\"x78zum5 xh8yej3\" role=\"none\">\n<div class=\"x1tlxs6b x1g8br2z x1gn5b1j x230xth x14ctfv x1okitfd x6ikm8r x10wlt62 x1mzt3pk x1y1aw1k xn6708d xwib8y2 x1ye3gou x1n2onr6 x13faqbe x1vjfegm\" role=\"none\">\n<div class=\"x9f619 x1n2onr6 x1ja2u2z __fb-light-mode\" role=\"none\">\n<div class=\"x6prxxf x1fc57z9 x1yc453h x126k92a xzsf02u\" dir=\"auto\" role=\"none\">Ce qui distingue le pavement cotto, c&rsquo;est sa palette de couleurs chaudes et naturelles. Allant du rouge brique au brun terre, en passant par des nuances plus claires, chaque dalle ou brique de cotto est unique. Ces variations de couleur donnent au sol un aspect authentique et rustique, ce qui en fait un choix populaire pour les maisons de style m\u00e9diterran\u00e9en ou toscan.<\/div>\n<\/div>\n<\/div>\n<div class=\"x1h91t0o xkh2ocl x78zum5 xdt5ytf x13a6bvl x193iq5w x1iyjqo2 xcrg951\" role=\"none\"><\/div>\n<\/div>\n<\/div>\n<\/div>\n<\/div>\n<\/div>\n<\/div>\n<\/div>\n<\/div>\n<\/div>\n<\/div>\n<\/div>\n<\/div>\n<\/div>\n<\/div>\n<\/div>\n<\/div>\n<\/div>\n<\/div>\n<div>\n<div class=\"xuk3077 x78zum5 x6prxxf xz9dl7a xsag5q8\">\n<div class=\"x1iyjqo2 xw2csxc x1n2onr6\">\n<div class=\"x78zum5 x1iyjqo2 x6q2ic0\">\n<div class=\"xmjcpbm x107yiy2 xv8uw2v x1tfwpuw x2g32xy x9f619 x1iyjqo2 xeuugli\">\n<div class=\"x78zum5 x1a02dak x13a6bvl\">\n<div class=\"x78zum5 x1iyjqo2 x1gja9t x16n37ib x1xmf6yo x1e56ztr xeuugli x1n2onr6\">\n<div class=\"xzsf02u x1a2a7pz x1n2onr6 x14wi4xw x1iyjqo2 x1gh3ibb xisnujt xeuugli x1odjw0f notranslate\" tabindex=\"0\" role=\"textbox\" contenteditable=\"true\" spellcheck=\"true\" aria-describedby=\":r1c:\" aria-label=\"Message\" data-lexical-editor=\"true\"><\/div>\n<\/div>\n<\/div>\n<\/div>\n<\/div>\n<\/div>\n<\/div>\n<\/div>\n","protected":false},"featured_media":13537,"template":"","meta":{"_acf_changed":false,"_et_pb_use_builder":"","_et_pb_old_content":"","_et_gb_content_width":""},"product_cat":[81],"product_tag":[],"acf":[],"_links":{"self":[{"href":"https:\/\/www.carthagoceramic.com\/fr\/wp-json\/wp\/v2\/product\/13567"}],"collection":[{"href":"https:\/\/www.carthagoceramic.com\/fr\/wp-json\/wp\/v2\/product"}],"about":[{"href":"https:\/\/www.carthagoceramic.com\/fr\/wp-json\/wp\/v2\/types\/product"}],"wp:featuredmedia":[{"embeddable":true,"href":"https:\/\/www.carthagoceramic.com\/fr\/wp-json\/wp\/v2\/media\/13537"}],"wp:attachment":[{"href":"https:\/\/www.carthagoceramic.com\/fr\/wp-json\/wp\/v2\/media?parent=13567"}],"wp:term":[{"taxonomy":"product_cat","embeddable":true,"href":"https:\/\/www.carthagoceramic.com\/fr\/wp-json\/wp\/v2\/product_cat?post=13567"},{"taxonomy":"product_tag","embeddable":true,"href":"https:\/\/www.carthagoceramic.com\/fr\/wp-json\/wp\/v2\/product_tag?post=13567"}],"curies":[{"name":"wp","href":"https:\/\/api.w.org\/{rel}","templated":true}]}}