{"id":13637,"date":"2023-06-01T10:46:45","date_gmt":"2023-06-01T10:46:45","guid":{"rendered":"https:\/\/www.carthagoceramic.com\/?post_type=product&#038;p=13637"},"modified":"2023-06-01T11:12:15","modified_gmt":"2023-06-01T11:12:15","slug":"beauty-25x60-brillant","status":"publish","type":"product","link":"https:\/\/www.carthagoceramic.com\/fr\/produit\/beauty-25x60-brillant\/","title":{"rendered":"Beauty 25X60 Brillant"},"content":{"rendered":"","protected":false},"excerpt":{"rendered":"<p>Que ce soit, fa\u00efence salle de bain, cuisine ou int\u00e9rieur Carthago Ceramic se distingue par sa qualit\u00e9 irr\u00e9prochable. Sp\u00e9cialement con\u00e7ue pour les espaces d&rsquo;eau, chaque carreau de fa\u00efence est m\u00e9ticuleusement fabriqu\u00e9 selon des normes rigoureuses, garantissant une finition impeccable, une r\u00e9sistance accrue aux rayures et une durabilit\u00e9 \u00e0 long terme. Gr\u00e2ce \u00e0 la fa\u00efence Carthago Ceramic, vous pouvez profiter pleinement de votre espace sans souci de d\u00e9t\u00e9rioration.<\/p>\n","protected":false},"featured_media":13627,"template":"","meta":{"_acf_changed":false,"_et_pb_use_builder":"","_et_pb_old_content":"","_et_gb_content_width":""},"product_cat":[79],"product_tag":[],"acf":[],"_links":{"self":[{"href":"https:\/\/www.carthagoceramic.com\/fr\/wp-json\/wp\/v2\/product\/13637"}],"collection":[{"href":"https:\/\/www.carthagoceramic.com\/fr\/wp-json\/wp\/v2\/product"}],"about":[{"href":"https:\/\/www.carthagoceramic.com\/fr\/wp-json\/wp\/v2\/types\/product"}],"wp:featuredmedia":[{"embeddable":true,"href":"https:\/\/www.carthagoceramic.com\/fr\/wp-json\/wp\/v2\/media\/13627"}],"wp:attachment":[{"href":"https:\/\/www.carthagoceramic.com\/fr\/wp-json\/wp\/v2\/media?parent=13637"}],"wp:term":[{"taxonomy":"product_cat","embeddable":true,"href":"https:\/\/www.carthagoceramic.com\/fr\/wp-json\/wp\/v2\/product_cat?post=13637"},{"taxonomy":"product_tag","embeddable":true,"href":"https:\/\/www.carthagoceramic.com\/fr\/wp-json\/wp\/v2\/product_tag?post=13637"}],"curies":[{"name":"wp","href":"https:\/\/api.w.org\/{rel}","templated":true}]}}