{"id":13666,"date":"2023-06-02T15:40:40","date_gmt":"2023-06-02T15:40:40","guid":{"rendered":"https:\/\/www.carthagoceramic.com\/?post_type=product&#038;p=13666"},"modified":"2023-06-02T16:12:17","modified_gmt":"2023-06-02T16:12:17","slug":"texas-25x60-brillant","status":"publish","type":"product","link":"https:\/\/www.carthagoceramic.com\/fr\/produit\/texas-25x60-brillant\/","title":{"rendered":"Texas 25&#215;60 Brillant"},"content":{"rendered":"","protected":false},"excerpt":{"rendered":"<p>Pour r\u00e9pondre \u00e0 des besoins toujours aussi exigeants et pointilleux,\u00a0Carthago C\u00e9ramic, vous offre qualit\u00e9, quantit\u00e9 et vari\u00e9t\u00e9, gr\u00e2ce \u00e0 notre large gamme de fa\u00efence pour rev\u00eatement mural de chaque type d\u2019ambiance\u00a0souhait\u00e9e dans votre cuisine,\u00a0salle de bain,\u00a0salon,\u00a0chambre,\u00a0terrasse,\u00a0v\u00e9randa\u2026<\/p>\n","protected":false},"featured_media":13690,"template":"","meta":{"_et_pb_use_builder":"","_et_pb_old_content":"","_et_gb_content_width":""},"product_cat":[79],"product_tag":[],"_links":{"self":[{"href":"https:\/\/www.carthagoceramic.com\/fr\/wp-json\/wp\/v2\/product\/13666"}],"collection":[{"href":"https:\/\/www.carthagoceramic.com\/fr\/wp-json\/wp\/v2\/product"}],"about":[{"href":"https:\/\/www.carthagoceramic.com\/fr\/wp-json\/wp\/v2\/types\/product"}],"wp:featuredmedia":[{"embeddable":true,"href":"https:\/\/www.carthagoceramic.com\/fr\/wp-json\/wp\/v2\/media\/13690"}],"wp:attachment":[{"href":"https:\/\/www.carthagoceramic.com\/fr\/wp-json\/wp\/v2\/media?parent=13666"}],"wp:term":[{"taxonomy":"product_cat","embeddable":true,"href":"https:\/\/www.carthagoceramic.com\/fr\/wp-json\/wp\/v2\/product_cat?post=13666"},{"taxonomy":"product_tag","embeddable":true,"href":"https:\/\/www.carthagoceramic.com\/fr\/wp-json\/wp\/v2\/product_tag?post=13666"}],"curies":[{"name":"wp","href":"https:\/\/api.w.org\/{rel}","templated":true}]}}