{"id":13754,"date":"2023-06-02T16:49:42","date_gmt":"2023-06-02T16:49:42","guid":{"rendered":"https:\/\/www.carthagoceramic.com\/?post_type=product&#038;p=13754"},"modified":"2023-07-18T08:52:22","modified_gmt":"2023-07-18T08:52:22","slug":"concorde-60x60-brillant","status":"publish","type":"product","link":"https:\/\/www.carthagoceramic.com\/fr\/produit\/concorde-60x60-brillant\/","title":{"rendered":"Concorde 60X60 Brillant"},"content":{"rendered":"","protected":false},"excerpt":{"rendered":"<p>Pour r\u00e9pondre \u00e0 des besoins toujours aussi exigeants et pointilleux, Carthago C\u00e9ramic, vous offre qualit\u00e9, quantit\u00e9 et vari\u00e9t\u00e9, gr\u00e2ce \u00e0 notre large gamme de carrelage pour rev\u00eatement de sol de chaque type d\u2019ambiance souhait\u00e9e dans votre cuisine, salle de bain, salon, chambre, terrasse, v\u00e9randa\u2026<\/p>\n","protected":false},"featured_media":13748,"template":"","meta":{"_acf_changed":false,"_et_pb_use_builder":"","_et_pb_old_content":"","_et_gb_content_width":""},"product_cat":[28],"product_tag":[],"acf":[],"_links":{"self":[{"href":"https:\/\/www.carthagoceramic.com\/fr\/wp-json\/wp\/v2\/product\/13754"}],"collection":[{"href":"https:\/\/www.carthagoceramic.com\/fr\/wp-json\/wp\/v2\/product"}],"about":[{"href":"https:\/\/www.carthagoceramic.com\/fr\/wp-json\/wp\/v2\/types\/product"}],"wp:featuredmedia":[{"embeddable":true,"href":"https:\/\/www.carthagoceramic.com\/fr\/wp-json\/wp\/v2\/media\/13748"}],"wp:attachment":[{"href":"https:\/\/www.carthagoceramic.com\/fr\/wp-json\/wp\/v2\/media?parent=13754"}],"wp:term":[{"taxonomy":"product_cat","embeddable":true,"href":"https:\/\/www.carthagoceramic.com\/fr\/wp-json\/wp\/v2\/product_cat?post=13754"},{"taxonomy":"product_tag","embeddable":true,"href":"https:\/\/www.carthagoceramic.com\/fr\/wp-json\/wp\/v2\/product_tag?post=13754"}],"curies":[{"name":"wp","href":"https:\/\/api.w.org\/{rel}","templated":true}]}}