{"id":14330,"date":"2023-07-27T10:04:49","date_gmt":"2023-07-27T10:04:49","guid":{"rendered":"https:\/\/www.carthagoceramic.com\/?post_type=product&#038;p=14330"},"modified":"2023-07-27T10:13:10","modified_gmt":"2023-07-27T10:13:10","slug":"revetement-mural-tunisie-brasilia","status":"publish","type":"product","link":"https:\/\/www.carthagoceramic.com\/fr\/produit\/revetement-mural-tunisie-brasilia\/","title":{"rendered":"Brasilia 15X60 Mat"},"content":{"rendered":"","protected":false},"excerpt":{"rendered":"<p>Ce prestigieux rev\u00eatement mural ou de sol \u00e0 effet pierre se pr\u00eate au d\u00e9cor de n\u2019importe quel espace, commercial ou \u00e0 usage domestique.<\/p>\n","protected":false},"featured_media":14332,"template":"","meta":{"_acf_changed":false,"_et_pb_use_builder":"","_et_pb_old_content":"","_et_gb_content_width":""},"product_cat":[28],"product_tag":[],"acf":[],"_links":{"self":[{"href":"https:\/\/www.carthagoceramic.com\/fr\/wp-json\/wp\/v2\/product\/14330"}],"collection":[{"href":"https:\/\/www.carthagoceramic.com\/fr\/wp-json\/wp\/v2\/product"}],"about":[{"href":"https:\/\/www.carthagoceramic.com\/fr\/wp-json\/wp\/v2\/types\/product"}],"wp:featuredmedia":[{"embeddable":true,"href":"https:\/\/www.carthagoceramic.com\/fr\/wp-json\/wp\/v2\/media\/14332"}],"wp:attachment":[{"href":"https:\/\/www.carthagoceramic.com\/fr\/wp-json\/wp\/v2\/media?parent=14330"}],"wp:term":[{"taxonomy":"product_cat","embeddable":true,"href":"https:\/\/www.carthagoceramic.com\/fr\/wp-json\/wp\/v2\/product_cat?post=14330"},{"taxonomy":"product_tag","embeddable":true,"href":"https:\/\/www.carthagoceramic.com\/fr\/wp-json\/wp\/v2\/product_tag?post=14330"}],"curies":[{"name":"wp","href":"https:\/\/api.w.org\/{rel}","templated":true}]}}