{"id":14415,"date":"2023-08-04T11:58:19","date_gmt":"2023-08-04T11:58:19","guid":{"rendered":"https:\/\/www.carthagoceramic.com\/?post_type=product&#038;p=14415"},"modified":"2023-08-04T12:04:23","modified_gmt":"2023-08-04T12:04:23","slug":"carrelage-grand-format-rocher-45x90","status":"publish","type":"product","link":"https:\/\/www.carthagoceramic.com\/fr\/produit\/carrelage-grand-format-rocher-45x90\/","title":{"rendered":"Rocher 45X90 Mat"},"content":{"rendered":"","protected":false},"excerpt":{"rendered":"<p>Ce rev\u00eatement prestigieux avec du carrelage grand format \u00e0 effet pierre se pose sur vos murs comme sur votre sol, et se pr\u00eate au d\u00e9cor de n\u2019importe quel espace, commercial ou \u00e0 usage domestique.<\/p>\n","protected":false},"featured_media":14417,"template":"","meta":{"_acf_changed":false,"_et_pb_use_builder":"","_et_pb_old_content":"","_et_gb_content_width":""},"product_cat":[28],"product_tag":[],"acf":[],"_links":{"self":[{"href":"https:\/\/www.carthagoceramic.com\/fr\/wp-json\/wp\/v2\/product\/14415"}],"collection":[{"href":"https:\/\/www.carthagoceramic.com\/fr\/wp-json\/wp\/v2\/product"}],"about":[{"href":"https:\/\/www.carthagoceramic.com\/fr\/wp-json\/wp\/v2\/types\/product"}],"wp:featuredmedia":[{"embeddable":true,"href":"https:\/\/www.carthagoceramic.com\/fr\/wp-json\/wp\/v2\/media\/14417"}],"wp:attachment":[{"href":"https:\/\/www.carthagoceramic.com\/fr\/wp-json\/wp\/v2\/media?parent=14415"}],"wp:term":[{"taxonomy":"product_cat","embeddable":true,"href":"https:\/\/www.carthagoceramic.com\/fr\/wp-json\/wp\/v2\/product_cat?post=14415"},{"taxonomy":"product_tag","embeddable":true,"href":"https:\/\/www.carthagoceramic.com\/fr\/wp-json\/wp\/v2\/product_tag?post=14415"}],"curies":[{"name":"wp","href":"https:\/\/api.w.org\/{rel}","templated":true}]}}