{"id":14524,"date":"2023-08-09T07:48:10","date_gmt":"2023-08-09T07:48:10","guid":{"rendered":"https:\/\/www.carthagoceramic.com\/?post_type=product&#038;p=14524"},"modified":"2023-08-09T07:55:35","modified_gmt":"2023-08-09T07:55:35","slug":"faience-moderne-lorenzo-20x50","status":"publish","type":"product","link":"https:\/\/www.carthagoceramic.com\/fr\/produit\/faience-moderne-lorenzo-20x50\/","title":{"rendered":"Lorenzo 20X50 Brillant"},"content":{"rendered":"","protected":false},"excerpt":{"rendered":"<p>Pour r\u00e9pondre \u00e0 des besoins toujours aussi exigeants et pointilleux, Carthago C\u00e9ramic, vous offre qualit\u00e9, quantit\u00e9 et vari\u00e9t\u00e9, gr\u00e2ce \u00e0 notre large gamme de fa\u00efence moderne pour chaque type d\u2019ambiance souhait\u00e9e et chaque mur \u00e0 rev\u00eatir dans votre cuisine, salle de bain, salon, chambre, terrasse, v\u00e9randa\u2026<\/p>\n","protected":false},"featured_media":14540,"template":"","meta":{"_acf_changed":false,"_et_pb_use_builder":"","_et_pb_old_content":"","_et_gb_content_width":""},"product_cat":[79],"product_tag":[],"acf":[],"_links":{"self":[{"href":"https:\/\/www.carthagoceramic.com\/fr\/wp-json\/wp\/v2\/product\/14524"}],"collection":[{"href":"https:\/\/www.carthagoceramic.com\/fr\/wp-json\/wp\/v2\/product"}],"about":[{"href":"https:\/\/www.carthagoceramic.com\/fr\/wp-json\/wp\/v2\/types\/product"}],"wp:featuredmedia":[{"embeddable":true,"href":"https:\/\/www.carthagoceramic.com\/fr\/wp-json\/wp\/v2\/media\/14540"}],"wp:attachment":[{"href":"https:\/\/www.carthagoceramic.com\/fr\/wp-json\/wp\/v2\/media?parent=14524"}],"wp:term":[{"taxonomy":"product_cat","embeddable":true,"href":"https:\/\/www.carthagoceramic.com\/fr\/wp-json\/wp\/v2\/product_cat?post=14524"},{"taxonomy":"product_tag","embeddable":true,"href":"https:\/\/www.carthagoceramic.com\/fr\/wp-json\/wp\/v2\/product_tag?post=14524"}],"curies":[{"name":"wp","href":"https:\/\/api.w.org\/{rel}","templated":true}]}}