{"id":14811,"date":"2023-09-24T08:37:54","date_gmt":"2023-09-24T08:37:54","guid":{"rendered":"https:\/\/www.carthagoceramic.com\/?post_type=product&#038;p=14811"},"modified":"2023-09-24T08:45:44","modified_gmt":"2023-09-24T08:45:44","slug":"haaland-25x60-mat","status":"publish","type":"product","link":"https:\/\/www.carthagoceramic.com\/fr\/produit\/haaland-25x60-mat\/","title":{"rendered":"Haaland 25X60 Mat"},"content":{"rendered":"","protected":false},"excerpt":{"rendered":"<p>Afin de satisfaire les demandes de plus en plus rigoureuses et pr\u00e9cises, Carthago C\u00e9ramic met \u00e0 votre disposition une vaste s\u00e9lection de fa\u00efence murale pour la cuisine, la salle de bain ou toute autre ambiance souhait\u00e9e. notre fa\u00efence allie esth\u00e9tique et r\u00e9sistance aux vapeurs d&rsquo;eau et aux produits d\u00e9tergents.<\/p>\n","protected":false},"featured_media":14650,"template":"","meta":{"_acf_changed":false,"_et_pb_use_builder":"","_et_pb_old_content":"","_et_gb_content_width":""},"product_cat":[79],"product_tag":[],"acf":[],"_links":{"self":[{"href":"https:\/\/www.carthagoceramic.com\/fr\/wp-json\/wp\/v2\/product\/14811"}],"collection":[{"href":"https:\/\/www.carthagoceramic.com\/fr\/wp-json\/wp\/v2\/product"}],"about":[{"href":"https:\/\/www.carthagoceramic.com\/fr\/wp-json\/wp\/v2\/types\/product"}],"wp:featuredmedia":[{"embeddable":true,"href":"https:\/\/www.carthagoceramic.com\/fr\/wp-json\/wp\/v2\/media\/14650"}],"wp:attachment":[{"href":"https:\/\/www.carthagoceramic.com\/fr\/wp-json\/wp\/v2\/media?parent=14811"}],"wp:term":[{"taxonomy":"product_cat","embeddable":true,"href":"https:\/\/www.carthagoceramic.com\/fr\/wp-json\/wp\/v2\/product_cat?post=14811"},{"taxonomy":"product_tag","embeddable":true,"href":"https:\/\/www.carthagoceramic.com\/fr\/wp-json\/wp\/v2\/product_tag?post=14811"}],"curies":[{"name":"wp","href":"https:\/\/api.w.org\/{rel}","templated":true}]}}