{"id":14897,"date":"2023-09-24T10:04:40","date_gmt":"2023-09-24T10:04:40","guid":{"rendered":"https:\/\/www.carthagoceramic.com\/?post_type=product&#038;p=14897"},"modified":"2023-09-24T10:16:54","modified_gmt":"2023-09-24T10:16:54","slug":"carrelage-mural-snake-25x60-mat","status":"publish","type":"product","link":"https:\/\/www.carthagoceramic.com\/fr\/produit\/carrelage-mural-snake-25x60-mat\/","title":{"rendered":"Snake 25X60 Mat"},"content":{"rendered":"","protected":false},"excerpt":{"rendered":"<p>Carthago C\u00e9ramic vous propose une large gamme de carrelage mural. Cette fa\u00efence effet marbre est con\u00e7ue pour habiller chaque mur dans votre salle de bain, salon, chambre, terrasse, v\u00e9randa&#8230; sans que vous ayez \u00e0 vous soucier de la porosit\u00e9 du vrai marbre.<\/p>\n","protected":false},"featured_media":14742,"template":"","meta":{"_acf_changed":false,"_et_pb_use_builder":"","_et_pb_old_content":"","_et_gb_content_width":""},"product_cat":[79],"product_tag":[],"acf":[],"_links":{"self":[{"href":"https:\/\/www.carthagoceramic.com\/fr\/wp-json\/wp\/v2\/product\/14897"}],"collection":[{"href":"https:\/\/www.carthagoceramic.com\/fr\/wp-json\/wp\/v2\/product"}],"about":[{"href":"https:\/\/www.carthagoceramic.com\/fr\/wp-json\/wp\/v2\/types\/product"}],"wp:featuredmedia":[{"embeddable":true,"href":"https:\/\/www.carthagoceramic.com\/fr\/wp-json\/wp\/v2\/media\/14742"}],"wp:attachment":[{"href":"https:\/\/www.carthagoceramic.com\/fr\/wp-json\/wp\/v2\/media?parent=14897"}],"wp:term":[{"taxonomy":"product_cat","embeddable":true,"href":"https:\/\/www.carthagoceramic.com\/fr\/wp-json\/wp\/v2\/product_cat?post=14897"},{"taxonomy":"product_tag","embeddable":true,"href":"https:\/\/www.carthagoceramic.com\/fr\/wp-json\/wp\/v2\/product_tag?post=14897"}],"curies":[{"name":"wp","href":"https:\/\/api.w.org\/{rel}","templated":true}]}}