{"id":15052,"date":"2023-09-24T14:01:19","date_gmt":"2023-09-24T14:01:19","guid":{"rendered":"https:\/\/www.carthagoceramic.com\/?post_type=product&#038;p=15052"},"modified":"2023-09-24T14:11:20","modified_gmt":"2023-09-24T14:11:20","slug":"terra-25x60-brillant","status":"publish","type":"product","link":"https:\/\/www.carthagoceramic.com\/fr\/produit\/terra-25x60-brillant\/","title":{"rendered":"Terra 25X60 Brillant"},"content":{"rendered":"","protected":false},"excerpt":{"rendered":"<p>Afin de r\u00e9pondre aux demandes de plus en plus rigoureuses et pr\u00e9cises, Carthago Ceramic met \u00e0 votre disposition une vaste s\u00e9lection de fa\u00efences beige, blanche ou grise, orn\u00e9es de motifs de d\u00e9coration, pour une utilisation en cuisine, en salle de bains ou dans tout autre espace souhait\u00e9. Profitez de cette parfaite reproduction du marbre naturel sans vous soucier de sa porosit\u00e9.<\/p>\n","protected":false},"featured_media":15070,"template":"","meta":{"_acf_changed":false,"_et_pb_use_builder":"","_et_pb_old_content":"","_et_gb_content_width":""},"product_cat":[79],"product_tag":[],"acf":[],"_links":{"self":[{"href":"https:\/\/www.carthagoceramic.com\/fr\/wp-json\/wp\/v2\/product\/15052"}],"collection":[{"href":"https:\/\/www.carthagoceramic.com\/fr\/wp-json\/wp\/v2\/product"}],"about":[{"href":"https:\/\/www.carthagoceramic.com\/fr\/wp-json\/wp\/v2\/types\/product"}],"wp:featuredmedia":[{"embeddable":true,"href":"https:\/\/www.carthagoceramic.com\/fr\/wp-json\/wp\/v2\/media\/15070"}],"wp:attachment":[{"href":"https:\/\/www.carthagoceramic.com\/fr\/wp-json\/wp\/v2\/media?parent=15052"}],"wp:term":[{"taxonomy":"product_cat","embeddable":true,"href":"https:\/\/www.carthagoceramic.com\/fr\/wp-json\/wp\/v2\/product_cat?post=15052"},{"taxonomy":"product_tag","embeddable":true,"href":"https:\/\/www.carthagoceramic.com\/fr\/wp-json\/wp\/v2\/product_tag?post=15052"}],"curies":[{"name":"wp","href":"https:\/\/api.w.org\/{rel}","templated":true}]}}