{"id":15077,"date":"2023-09-24T14:11:35","date_gmt":"2023-09-24T14:11:35","guid":{"rendered":"https:\/\/www.carthagoceramic.com\/?post_type=product&#038;p=15077"},"modified":"2023-09-24T14:16:46","modified_gmt":"2023-09-24T14:16:46","slug":"kiev-30x60-mat","status":"publish","type":"product","link":"https:\/\/www.carthagoceramic.com\/fr\/produit\/kiev-30x60-mat\/","title":{"rendered":"Kiev 30X60 Mat"},"content":{"rendered":"","protected":false},"excerpt":{"rendered":"<p>Afin de satisfaire les demandes de plus en plus rigoureuses et pr\u00e9cises, Carthago C\u00e9ramic met \u00e0 votre disposition une vaste s\u00e9lection de fa\u00efence d\u00e9cor gris, beige ou autres couleurs pour l&rsquo;habillage de votre cuisine, la salle de bain ou toute autre ambiance souhait\u00e9e. Avec une reproduction parfaite de la pierre naturelle, notre fa\u00efence allie esth\u00e9tique et r\u00e9sistance aux vapeurs d&rsquo;eau et aux produits d\u00e9tergents.<\/p>\n","protected":false},"featured_media":14652,"template":"","meta":{"_acf_changed":false,"_et_pb_use_builder":"","_et_pb_old_content":"","_et_gb_content_width":""},"product_cat":[79],"product_tag":[],"acf":[],"_links":{"self":[{"href":"https:\/\/www.carthagoceramic.com\/fr\/wp-json\/wp\/v2\/product\/15077"}],"collection":[{"href":"https:\/\/www.carthagoceramic.com\/fr\/wp-json\/wp\/v2\/product"}],"about":[{"href":"https:\/\/www.carthagoceramic.com\/fr\/wp-json\/wp\/v2\/types\/product"}],"wp:featuredmedia":[{"embeddable":true,"href":"https:\/\/www.carthagoceramic.com\/fr\/wp-json\/wp\/v2\/media\/14652"}],"wp:attachment":[{"href":"https:\/\/www.carthagoceramic.com\/fr\/wp-json\/wp\/v2\/media?parent=15077"}],"wp:term":[{"taxonomy":"product_cat","embeddable":true,"href":"https:\/\/www.carthagoceramic.com\/fr\/wp-json\/wp\/v2\/product_cat?post=15077"},{"taxonomy":"product_tag","embeddable":true,"href":"https:\/\/www.carthagoceramic.com\/fr\/wp-json\/wp\/v2\/product_tag?post=15077"}],"curies":[{"name":"wp","href":"https:\/\/api.w.org\/{rel}","templated":true}]}}