{"id":15110,"date":"2023-09-25T07:15:03","date_gmt":"2023-09-25T07:15:03","guid":{"rendered":"https:\/\/www.carthagoceramic.com\/?post_type=product&#038;p=15110"},"modified":"2025-05-03T11:28:23","modified_gmt":"2025-05-03T11:28:23","slug":"tokyo-60x120-mat","status":"publish","type":"product","link":"https:\/\/www.carthagoceramic.com\/fr\/produit\/tokyo-60x120-mat\/","title":{"rendered":"Tokyo 60X120 Mat"},"content":{"rendered":"","protected":false},"excerpt":{"rendered":"<p>Notre gamme exceptionnelle et de qualit\u00e9 sup\u00e9rieure de carrelage beige, gris ou toute autre couleur et motifs, aux finitions soign\u00e9es dans les moindres d\u00e9tails, pour une interpr\u00e9tation parfaite de la pierre naturelle. Se pose sur vos murs comme sur votre sol, et se pr\u00eate \u00e0 l\u2019ornement de n\u2019importe quel espace de votre maison.<\/p>\n","protected":false},"featured_media":18718,"template":"","meta":{"_acf_changed":false,"_et_pb_use_builder":"","_et_pb_old_content":"","_et_gb_content_width":""},"product_cat":[28],"product_tag":[],"acf":[],"_links":{"self":[{"href":"https:\/\/www.carthagoceramic.com\/fr\/wp-json\/wp\/v2\/product\/15110"}],"collection":[{"href":"https:\/\/www.carthagoceramic.com\/fr\/wp-json\/wp\/v2\/product"}],"about":[{"href":"https:\/\/www.carthagoceramic.com\/fr\/wp-json\/wp\/v2\/types\/product"}],"wp:featuredmedia":[{"embeddable":true,"href":"https:\/\/www.carthagoceramic.com\/fr\/wp-json\/wp\/v2\/media\/18718"}],"wp:attachment":[{"href":"https:\/\/www.carthagoceramic.com\/fr\/wp-json\/wp\/v2\/media?parent=15110"}],"wp:term":[{"taxonomy":"product_cat","embeddable":true,"href":"https:\/\/www.carthagoceramic.com\/fr\/wp-json\/wp\/v2\/product_cat?post=15110"},{"taxonomy":"product_tag","embeddable":true,"href":"https:\/\/www.carthagoceramic.com\/fr\/wp-json\/wp\/v2\/product_tag?post=15110"}],"curies":[{"name":"wp","href":"https:\/\/api.w.org\/{rel}","templated":true}]}}