{"id":15114,"date":"2023-09-25T07:19:41","date_gmt":"2023-09-25T07:19:41","guid":{"rendered":"https:\/\/www.carthagoceramic.com\/?post_type=product&#038;p=15114"},"modified":"2025-05-03T11:34:58","modified_gmt":"2025-05-03T11:34:58","slug":"chicago-60x120-mat","status":"publish","type":"product","link":"https:\/\/www.carthagoceramic.com\/fr\/produit\/chicago-60x120-mat\/","title":{"rendered":"Chicago 60X120 Mat"},"content":{"rendered":"","protected":false},"excerpt":{"rendered":"<p>Notre gamme exceptionnelle et de qualit\u00e9 sup\u00e9rieure de <a href=\"https:\/\/www.carthagoceramic.com\/fr\/produit\/royal-60-x-120-mat\/\">carrelage<\/a> grand format, aux couleurs et motifs vari\u00e9s, avec des finitions soign\u00e9es dans les moindres d\u00e9tails, pour une interpr\u00e9tation parfaite de la pierre naturelle. Se pose sur vos murs comme sur votre sol, et se pr\u00eate \u00e0 l\u2019ornement de n\u2019importe quel espace de votre maison.<\/p>\n","protected":false},"featured_media":18720,"template":"","meta":{"_acf_changed":false,"_et_pb_use_builder":"","_et_pb_old_content":"","_et_gb_content_width":""},"product_cat":[28],"product_tag":[],"acf":[],"_links":{"self":[{"href":"https:\/\/www.carthagoceramic.com\/fr\/wp-json\/wp\/v2\/product\/15114"}],"collection":[{"href":"https:\/\/www.carthagoceramic.com\/fr\/wp-json\/wp\/v2\/product"}],"about":[{"href":"https:\/\/www.carthagoceramic.com\/fr\/wp-json\/wp\/v2\/types\/product"}],"wp:featuredmedia":[{"embeddable":true,"href":"https:\/\/www.carthagoceramic.com\/fr\/wp-json\/wp\/v2\/media\/18720"}],"wp:attachment":[{"href":"https:\/\/www.carthagoceramic.com\/fr\/wp-json\/wp\/v2\/media?parent=15114"}],"wp:term":[{"taxonomy":"product_cat","embeddable":true,"href":"https:\/\/www.carthagoceramic.com\/fr\/wp-json\/wp\/v2\/product_cat?post=15114"},{"taxonomy":"product_tag","embeddable":true,"href":"https:\/\/www.carthagoceramic.com\/fr\/wp-json\/wp\/v2\/product_tag?post=15114"}],"curies":[{"name":"wp","href":"https:\/\/api.w.org\/{rel}","templated":true}]}}