{"id":15202,"date":"2023-11-11T03:44:33","date_gmt":"2023-11-11T03:44:33","guid":{"rendered":"https:\/\/www.carthagoceramic.com\/?post_type=product&#038;p=15202"},"modified":"2023-11-11T04:23:33","modified_gmt":"2023-11-11T04:23:33","slug":"aspen-25x50-brillant","status":"publish","type":"product","link":"https:\/\/www.carthagoceramic.com\/fr\/produit\/aspen-25x50-brillant\/","title":{"rendered":"Aspen 25X50 Brillant"},"content":{"rendered":"","protected":false},"excerpt":{"rendered":"<p>Si vous \u00eates passionn\u00e9 par l&rsquo;effet marbre, Carthago C\u00e9ramic met \u00e0 votre disposition une large s\u00e9lection de carreaux de fa\u00efence pour salle de bain en vert, bleu ou greige, ainsi que pour chaque surface \u00e0 embellir dans votre salle de bain, salon, chambre, terrasse ou v\u00e9randa. Profitez de notre gamme de carreaux de fa\u00efence qui offre qualit\u00e9, quantit\u00e9 et vari\u00e9t\u00e9, avec une reproduction parfaite du marbre naturel, tout en \u00e9liminant les pr\u00e9occupations li\u00e9es \u00e0 sa porosit\u00e9.<\/p>\n","protected":false},"featured_media":15222,"template":"","meta":{"_acf_changed":false,"_et_pb_use_builder":"","_et_pb_old_content":"","_et_gb_content_width":""},"product_cat":[79],"product_tag":[],"acf":[],"_links":{"self":[{"href":"https:\/\/www.carthagoceramic.com\/fr\/wp-json\/wp\/v2\/product\/15202"}],"collection":[{"href":"https:\/\/www.carthagoceramic.com\/fr\/wp-json\/wp\/v2\/product"}],"about":[{"href":"https:\/\/www.carthagoceramic.com\/fr\/wp-json\/wp\/v2\/types\/product"}],"wp:featuredmedia":[{"embeddable":true,"href":"https:\/\/www.carthagoceramic.com\/fr\/wp-json\/wp\/v2\/media\/15222"}],"wp:attachment":[{"href":"https:\/\/www.carthagoceramic.com\/fr\/wp-json\/wp\/v2\/media?parent=15202"}],"wp:term":[{"taxonomy":"product_cat","embeddable":true,"href":"https:\/\/www.carthagoceramic.com\/fr\/wp-json\/wp\/v2\/product_cat?post=15202"},{"taxonomy":"product_tag","embeddable":true,"href":"https:\/\/www.carthagoceramic.com\/fr\/wp-json\/wp\/v2\/product_tag?post=15202"}],"curies":[{"name":"wp","href":"https:\/\/api.w.org\/{rel}","templated":true}]}}