{"id":15232,"date":"2023-11-11T03:55:44","date_gmt":"2023-11-11T03:55:44","guid":{"rendered":"https:\/\/www.carthagoceramic.com\/?post_type=product&#038;p=15232"},"modified":"2024-02-25T11:13:31","modified_gmt":"2024-02-25T11:13:31","slug":"faience-cargo-25x50-brillant","status":"publish","type":"product","link":"https:\/\/www.carthagoceramic.com\/fr\/produit\/faience-cargo-25x50-brillant\/","title":{"rendered":"Cargo 25X50 Brillant"},"content":{"rendered":"","protected":false},"excerpt":{"rendered":"<p>Pour les amateurs de l\u2019effet marbre, Carthago C\u00e9ramic vous offre qualit\u00e9, quantit\u00e9 et vari\u00e9t\u00e9 gr\u00e2ce \u00e0 notre large gamme de carreaux de fa\u00efence pour salle de bain en vert, bleu ou greige, ainsi que pour chaque mur \u00e0 habiller dans votre salle de bain, salon, chambre, terrasse, v\u00e9randa\u2026 Profitez de cette reproduction parfaite du marbre naturel sans vous pr\u00e9occuper de sa porosit\u00e9.<\/p>\n","protected":false},"featured_media":15246,"template":"","meta":{"_acf_changed":false,"_et_pb_use_builder":"","_et_pb_old_content":"","_et_gb_content_width":""},"product_cat":[79],"product_tag":[],"acf":[],"_links":{"self":[{"href":"https:\/\/www.carthagoceramic.com\/fr\/wp-json\/wp\/v2\/product\/15232"}],"collection":[{"href":"https:\/\/www.carthagoceramic.com\/fr\/wp-json\/wp\/v2\/product"}],"about":[{"href":"https:\/\/www.carthagoceramic.com\/fr\/wp-json\/wp\/v2\/types\/product"}],"wp:featuredmedia":[{"embeddable":true,"href":"https:\/\/www.carthagoceramic.com\/fr\/wp-json\/wp\/v2\/media\/15246"}],"wp:attachment":[{"href":"https:\/\/www.carthagoceramic.com\/fr\/wp-json\/wp\/v2\/media?parent=15232"}],"wp:term":[{"taxonomy":"product_cat","embeddable":true,"href":"https:\/\/www.carthagoceramic.com\/fr\/wp-json\/wp\/v2\/product_cat?post=15232"},{"taxonomy":"product_tag","embeddable":true,"href":"https:\/\/www.carthagoceramic.com\/fr\/wp-json\/wp\/v2\/product_tag?post=15232"}],"curies":[{"name":"wp","href":"https:\/\/api.w.org\/{rel}","templated":true}]}}