{"id":15264,"date":"2023-11-11T04:02:10","date_gmt":"2023-11-11T04:02:10","guid":{"rendered":"https:\/\/www.carthagoceramic.com\/?post_type=product&#038;p=15264"},"modified":"2023-11-11T04:21:41","modified_gmt":"2023-11-11T04:21:41","slug":"faience-gris-charme","status":"publish","type":"product","link":"https:\/\/www.carthagoceramic.com\/fr\/produit\/faience-gris-charme\/","title":{"rendered":"Charme 25X50 Brillant"},"content":{"rendered":"","protected":false},"excerpt":{"rendered":"<p>Afin de r\u00e9pondre \u00e0 des besoins de plus en plus exigeants et pointilleux, Carthago C\u00e9ramic vous propose une diversit\u00e9 de choix en mati\u00e8re de rev\u00eatements, combinant qualit\u00e9, quantit\u00e9 et vari\u00e9t\u00e9. Notre vaste gamme de carreaux de fa\u00efence gris, Beige et autres couleurs \u00e0 la mode est con\u00e7ue pour embellir chaque coin de votre maison, que ce soit dans la cuisine, la salle de bain, le salon, la chambre, la terrasse ou la v\u00e9randa, vous permettant de cr\u00e9er l&rsquo;ambiance souhait\u00e9e.<\/p>\n","protected":false},"featured_media":15278,"template":"","meta":{"_acf_changed":false,"_et_pb_use_builder":"","_et_pb_old_content":"","_et_gb_content_width":""},"product_cat":[79],"product_tag":[],"acf":[],"_links":{"self":[{"href":"https:\/\/www.carthagoceramic.com\/fr\/wp-json\/wp\/v2\/product\/15264"}],"collection":[{"href":"https:\/\/www.carthagoceramic.com\/fr\/wp-json\/wp\/v2\/product"}],"about":[{"href":"https:\/\/www.carthagoceramic.com\/fr\/wp-json\/wp\/v2\/types\/product"}],"wp:featuredmedia":[{"embeddable":true,"href":"https:\/\/www.carthagoceramic.com\/fr\/wp-json\/wp\/v2\/media\/15278"}],"wp:attachment":[{"href":"https:\/\/www.carthagoceramic.com\/fr\/wp-json\/wp\/v2\/media?parent=15264"}],"wp:term":[{"taxonomy":"product_cat","embeddable":true,"href":"https:\/\/www.carthagoceramic.com\/fr\/wp-json\/wp\/v2\/product_cat?post=15264"},{"taxonomy":"product_tag","embeddable":true,"href":"https:\/\/www.carthagoceramic.com\/fr\/wp-json\/wp\/v2\/product_tag?post=15264"}],"curies":[{"name":"wp","href":"https:\/\/api.w.org\/{rel}","templated":true}]}}