{"id":15335,"date":"2023-11-11T04:32:22","date_gmt":"2023-11-11T04:32:22","guid":{"rendered":"https:\/\/www.carthagoceramic.com\/?post_type=product&#038;p=15335"},"modified":"2024-02-26T00:43:33","modified_gmt":"2024-02-26T00:43:33","slug":"faience-beige-leinz","status":"publish","type":"product","link":"https:\/\/www.carthagoceramic.com\/fr\/produit\/faience-beige-leinz\/","title":{"rendered":"Lienz 25X50 Brillant"},"content":{"rendered":"","protected":false},"excerpt":{"rendered":"<p>Afin de r\u00e9pondre aux demandes de plus en plus exigeantes et vari\u00e9es, Carthago C\u00e9ramic propose une s\u00e9lection diversifi\u00e9e de carreaux de fa\u00efence beige, gris et autres couleurs \u00e0 la mode de haute qualit\u00e9, en quantit\u00e9 suffisante pour habiller chaque mur de votre cuisine, salle de bain, salon, chambre, terrasse ou v\u00e9randa. Cela vous permet de cr\u00e9er l&rsquo;ambiance que vous d\u00e9sirez sans compromis.<\/p>\n","protected":false},"featured_media":15351,"template":"","meta":{"_acf_changed":false,"_et_pb_use_builder":"","_et_pb_old_content":"","_et_gb_content_width":""},"product_cat":[79],"product_tag":[],"acf":[],"_links":{"self":[{"href":"https:\/\/www.carthagoceramic.com\/fr\/wp-json\/wp\/v2\/product\/15335"}],"collection":[{"href":"https:\/\/www.carthagoceramic.com\/fr\/wp-json\/wp\/v2\/product"}],"about":[{"href":"https:\/\/www.carthagoceramic.com\/fr\/wp-json\/wp\/v2\/types\/product"}],"wp:featuredmedia":[{"embeddable":true,"href":"https:\/\/www.carthagoceramic.com\/fr\/wp-json\/wp\/v2\/media\/15351"}],"wp:attachment":[{"href":"https:\/\/www.carthagoceramic.com\/fr\/wp-json\/wp\/v2\/media?parent=15335"}],"wp:term":[{"taxonomy":"product_cat","embeddable":true,"href":"https:\/\/www.carthagoceramic.com\/fr\/wp-json\/wp\/v2\/product_cat?post=15335"},{"taxonomy":"product_tag","embeddable":true,"href":"https:\/\/www.carthagoceramic.com\/fr\/wp-json\/wp\/v2\/product_tag?post=15335"}],"curies":[{"name":"wp","href":"https:\/\/api.w.org\/{rel}","templated":true}]}}