{"id":15367,"date":"2023-11-11T04:38:04","date_gmt":"2023-11-11T04:38:04","guid":{"rendered":"https:\/\/www.carthagoceramic.com\/?post_type=product&#038;p=15367"},"modified":"2024-02-26T01:00:06","modified_gmt":"2024-02-26T01:00:06","slug":"faience-cuisine-tunisie-perou","status":"publish","type":"product","link":"https:\/\/www.carthagoceramic.com\/fr\/produit\/faience-cuisine-tunisie-perou\/","title":{"rendered":"Perou 25X50 Brillant"},"content":{"rendered":"","protected":false},"excerpt":{"rendered":"<p>Carthago C\u00e9ramic s&rsquo;engage \u00e0 cr\u00e9er une atmosph\u00e8re unique et \u00e9l\u00e9gante dans chaque pi\u00e8ce de votre maison. Sa large gamme de fa\u00efence est con\u00e7ue pour satisfaire vos besoins, que vous recherchiez une ambiance luxueuse, moderne, ou traditionnelle. Quel que soit l&rsquo;espace que vous souhaitez d\u00e9corer, que ce soit la cuisine, la salle de bain, le salon, la chambre, la terrasse ou la v\u00e9randa, les produits de Carthago C\u00e9ramic vous permettront de r\u00e9aliser la d\u00e9coration de vos r\u00eaves<\/p>\n","protected":false},"featured_media":15383,"template":"","meta":{"_acf_changed":false,"_et_pb_use_builder":"","_et_pb_old_content":"","_et_gb_content_width":""},"product_cat":[79],"product_tag":[],"acf":[],"_links":{"self":[{"href":"https:\/\/www.carthagoceramic.com\/fr\/wp-json\/wp\/v2\/product\/15367"}],"collection":[{"href":"https:\/\/www.carthagoceramic.com\/fr\/wp-json\/wp\/v2\/product"}],"about":[{"href":"https:\/\/www.carthagoceramic.com\/fr\/wp-json\/wp\/v2\/types\/product"}],"wp:featuredmedia":[{"embeddable":true,"href":"https:\/\/www.carthagoceramic.com\/fr\/wp-json\/wp\/v2\/media\/15383"}],"wp:attachment":[{"href":"https:\/\/www.carthagoceramic.com\/fr\/wp-json\/wp\/v2\/media?parent=15367"}],"wp:term":[{"taxonomy":"product_cat","embeddable":true,"href":"https:\/\/www.carthagoceramic.com\/fr\/wp-json\/wp\/v2\/product_cat?post=15367"},{"taxonomy":"product_tag","embeddable":true,"href":"https:\/\/www.carthagoceramic.com\/fr\/wp-json\/wp\/v2\/product_tag?post=15367"}],"curies":[{"name":"wp","href":"https:\/\/api.w.org\/{rel}","templated":true}]}}