{"id":15399,"date":"2023-11-11T04:43:47","date_gmt":"2023-11-11T04:43:47","guid":{"rendered":"https:\/\/www.carthagoceramic.com\/?post_type=product&#038;p=15399"},"modified":"2023-11-11T04:53:23","modified_gmt":"2023-11-11T04:53:23","slug":"regal-25x50-brillant","status":"publish","type":"product","link":"https:\/\/www.carthagoceramic.com\/fr\/produit\/regal-25x50-brillant\/","title":{"rendered":"Regal 25X50 Brillant"},"content":{"rendered":"","protected":false},"excerpt":{"rendered":"<p>Leader dans l&rsquo;industrie de la fa\u00efence, Carthago C\u00e9ramic demeure en constante recherche de solutions pour satisfaire les exigences pointues de sa client\u00e8le. En proposant une vaste collection de carreaux de fa\u00efence de premier ordre, l&rsquo;entreprise assure une multitude d&rsquo;options pour rehausser chaque coin de votre demeure<\/p>\n","protected":false},"featured_media":15413,"template":"","meta":{"_acf_changed":false,"_et_pb_use_builder":"","_et_pb_old_content":"","_et_gb_content_width":""},"product_cat":[79],"product_tag":[],"acf":[],"_links":{"self":[{"href":"https:\/\/www.carthagoceramic.com\/fr\/wp-json\/wp\/v2\/product\/15399"}],"collection":[{"href":"https:\/\/www.carthagoceramic.com\/fr\/wp-json\/wp\/v2\/product"}],"about":[{"href":"https:\/\/www.carthagoceramic.com\/fr\/wp-json\/wp\/v2\/types\/product"}],"wp:featuredmedia":[{"embeddable":true,"href":"https:\/\/www.carthagoceramic.com\/fr\/wp-json\/wp\/v2\/media\/15413"}],"wp:attachment":[{"href":"https:\/\/www.carthagoceramic.com\/fr\/wp-json\/wp\/v2\/media?parent=15399"}],"wp:term":[{"taxonomy":"product_cat","embeddable":true,"href":"https:\/\/www.carthagoceramic.com\/fr\/wp-json\/wp\/v2\/product_cat?post=15399"},{"taxonomy":"product_tag","embeddable":true,"href":"https:\/\/www.carthagoceramic.com\/fr\/wp-json\/wp\/v2\/product_tag?post=15399"}],"curies":[{"name":"wp","href":"https:\/\/api.w.org\/{rel}","templated":true}]}}