{"id":15585,"date":"2023-12-03T15:14:14","date_gmt":"2023-12-03T15:14:14","guid":{"rendered":"https:\/\/www.carthagoceramic.com\/?post_type=product&#038;p=15585"},"modified":"2023-12-03T15:21:45","modified_gmt":"2023-12-03T15:21:45","slug":"antica-20x60-mat","status":"publish","type":"product","link":"https:\/\/www.carthagoceramic.com\/fr\/produit\/antica-20x60-mat\/","title":{"rendered":"Antica 20X60 Cm Mat"},"content":{"rendered":"","protected":false},"excerpt":{"rendered":"<p>Les pavements texture bois, sont disponibles dans une large gamme de styles, afin de r\u00e9pondre \u00e0 tous les go\u00fbts. Que vous pr\u00e9f\u00e9riez un look moderne et \u00e9pur\u00e9 ou un style plus traditionnel et chaleureux, vous trouverez le carreau qui vous convient. Carthago Ceramic propose \u00e9galement une vari\u00e9t\u00e9 de couleurs, de textures et de finitions pour vous permettre de cr\u00e9er un espace unique et personnalis\u00e9.<\/p>\n","protected":false},"featured_media":15593,"template":"","meta":{"_acf_changed":false,"_et_pb_use_builder":"","_et_pb_old_content":"","_et_gb_content_width":""},"product_cat":[81],"product_tag":[],"acf":[],"_links":{"self":[{"href":"https:\/\/www.carthagoceramic.com\/fr\/wp-json\/wp\/v2\/product\/15585"}],"collection":[{"href":"https:\/\/www.carthagoceramic.com\/fr\/wp-json\/wp\/v2\/product"}],"about":[{"href":"https:\/\/www.carthagoceramic.com\/fr\/wp-json\/wp\/v2\/types\/product"}],"wp:featuredmedia":[{"embeddable":true,"href":"https:\/\/www.carthagoceramic.com\/fr\/wp-json\/wp\/v2\/media\/15593"}],"wp:attachment":[{"href":"https:\/\/www.carthagoceramic.com\/fr\/wp-json\/wp\/v2\/media?parent=15585"}],"wp:term":[{"taxonomy":"product_cat","embeddable":true,"href":"https:\/\/www.carthagoceramic.com\/fr\/wp-json\/wp\/v2\/product_cat?post=15585"},{"taxonomy":"product_tag","embeddable":true,"href":"https:\/\/www.carthagoceramic.com\/fr\/wp-json\/wp\/v2\/product_tag?post=15585"}],"curies":[{"name":"wp","href":"https:\/\/api.w.org\/{rel}","templated":true}]}}