{"id":15611,"date":"2023-12-03T15:29:06","date_gmt":"2023-12-03T15:29:06","guid":{"rendered":"https:\/\/www.carthagoceramic.com\/?post_type=product&#038;p=15611"},"modified":"2023-12-03T15:32:57","modified_gmt":"2023-12-03T15:32:57","slug":"parterre-caracas-20x60-cm-mat","status":"publish","type":"product","link":"https:\/\/www.carthagoceramic.com\/fr\/produit\/parterre-caracas-20x60-cm-mat\/","title":{"rendered":"Caracas 20X60 Cm Mat"},"content":{"rendered":"","protected":false},"excerpt":{"rendered":"<p>Notre parterre, c&rsquo;est la garantie d&rsquo;un style unique et personnalis\u00e9. Avec sa vaste gamme de designs et de motifs, ainsi que sa vari\u00e9t\u00e9 de couleurs, de textures et de finitions, la marque offre des pavements pour tous les go\u00fbts.<\/p>\n","protected":false},"featured_media":15613,"template":"","meta":{"_acf_changed":false,"_et_pb_use_builder":"","_et_pb_old_content":"","_et_gb_content_width":""},"product_cat":[81],"product_tag":[],"acf":[],"_links":{"self":[{"href":"https:\/\/www.carthagoceramic.com\/fr\/wp-json\/wp\/v2\/product\/15611"}],"collection":[{"href":"https:\/\/www.carthagoceramic.com\/fr\/wp-json\/wp\/v2\/product"}],"about":[{"href":"https:\/\/www.carthagoceramic.com\/fr\/wp-json\/wp\/v2\/types\/product"}],"wp:featuredmedia":[{"embeddable":true,"href":"https:\/\/www.carthagoceramic.com\/fr\/wp-json\/wp\/v2\/media\/15613"}],"wp:attachment":[{"href":"https:\/\/www.carthagoceramic.com\/fr\/wp-json\/wp\/v2\/media?parent=15611"}],"wp:term":[{"taxonomy":"product_cat","embeddable":true,"href":"https:\/\/www.carthagoceramic.com\/fr\/wp-json\/wp\/v2\/product_cat?post=15611"},{"taxonomy":"product_tag","embeddable":true,"href":"https:\/\/www.carthagoceramic.com\/fr\/wp-json\/wp\/v2\/product_tag?post=15611"}],"curies":[{"name":"wp","href":"https:\/\/api.w.org\/{rel}","templated":true}]}}