{"id":15615,"date":"2023-12-03T15:33:14","date_gmt":"2023-12-03T15:33:14","guid":{"rendered":"https:\/\/www.carthagoceramic.com\/?post_type=product&#038;p=15615"},"modified":"2023-12-03T15:35:59","modified_gmt":"2023-12-03T15:35:59","slug":"pavement-chaine-20x60-cm-mat","status":"publish","type":"product","link":"https:\/\/www.carthagoceramic.com\/fr\/produit\/pavement-chaine-20x60-cm-mat\/","title":{"rendered":"Chaine  20X60 Cm Mat"},"content":{"rendered":"","protected":false},"excerpt":{"rendered":"<p>Avec sa vaste gamme de styles, de couleurs, de textures et de finitions, Carthago ceramic propose des pavements pour tous les go\u00fbts. Que vous souhaitiez cr\u00e9er un int\u00e9rieur contemporain, traditionnel, moderne ou classique, vous trouverez le carreau qui vous convient.<\/p>\n","protected":false},"featured_media":15617,"template":"","meta":{"_acf_changed":false,"_et_pb_use_builder":"","_et_pb_old_content":"","_et_gb_content_width":""},"product_cat":[81],"product_tag":[],"acf":[],"_links":{"self":[{"href":"https:\/\/www.carthagoceramic.com\/fr\/wp-json\/wp\/v2\/product\/15615"}],"collection":[{"href":"https:\/\/www.carthagoceramic.com\/fr\/wp-json\/wp\/v2\/product"}],"about":[{"href":"https:\/\/www.carthagoceramic.com\/fr\/wp-json\/wp\/v2\/types\/product"}],"wp:featuredmedia":[{"embeddable":true,"href":"https:\/\/www.carthagoceramic.com\/fr\/wp-json\/wp\/v2\/media\/15617"}],"wp:attachment":[{"href":"https:\/\/www.carthagoceramic.com\/fr\/wp-json\/wp\/v2\/media?parent=15615"}],"wp:term":[{"taxonomy":"product_cat","embeddable":true,"href":"https:\/\/www.carthagoceramic.com\/fr\/wp-json\/wp\/v2\/product_cat?post=15615"},{"taxonomy":"product_tag","embeddable":true,"href":"https:\/\/www.carthagoceramic.com\/fr\/wp-json\/wp\/v2\/product_tag?post=15615"}],"curies":[{"name":"wp","href":"https:\/\/api.w.org\/{rel}","templated":true}]}}