{"id":15647,"date":"2023-12-03T16:04:30","date_gmt":"2023-12-03T16:04:30","guid":{"rendered":"https:\/\/www.carthagoceramic.com\/?post_type=product&#038;p=15647"},"modified":"2025-09-29T06:02:35","modified_gmt":"2025-09-29T06:02:35","slug":"tripoli-20x60-cm-mat","status":"publish","type":"product","link":"https:\/\/www.carthagoceramic.com\/fr\/produit\/tripoli-20x60-cm-mat\/","title":{"rendered":"Tripoli  20X60 Cm Mat"},"content":{"rendered":"","protected":false},"excerpt":{"rendered":"<p>Parterre de qualit\u00e9 et durable; Pour un parterre qui dure dans le temps, choisissez des mat\u00e9riaux de qualit\u00e9. Les carrelages et pavements de Carthago ceramic sont fabriqu\u00e9s \u00e0 partir de mat\u00e9riaux nobles et durables, qui r\u00e9sisteront aux intemp\u00e9ries et \u00e0 l&rsquo;usure.<\/p>\n","protected":false},"featured_media":15649,"template":"","meta":{"_acf_changed":false,"_et_pb_use_builder":"","_et_pb_old_content":"","_et_gb_content_width":""},"product_cat":[81],"product_tag":[],"acf":[],"_links":{"self":[{"href":"https:\/\/www.carthagoceramic.com\/fr\/wp-json\/wp\/v2\/product\/15647"}],"collection":[{"href":"https:\/\/www.carthagoceramic.com\/fr\/wp-json\/wp\/v2\/product"}],"about":[{"href":"https:\/\/www.carthagoceramic.com\/fr\/wp-json\/wp\/v2\/types\/product"}],"wp:featuredmedia":[{"embeddable":true,"href":"https:\/\/www.carthagoceramic.com\/fr\/wp-json\/wp\/v2\/media\/15649"}],"wp:attachment":[{"href":"https:\/\/www.carthagoceramic.com\/fr\/wp-json\/wp\/v2\/media?parent=15647"}],"wp:term":[{"taxonomy":"product_cat","embeddable":true,"href":"https:\/\/www.carthagoceramic.com\/fr\/wp-json\/wp\/v2\/product_cat?post=15647"},{"taxonomy":"product_tag","embeddable":true,"href":"https:\/\/www.carthagoceramic.com\/fr\/wp-json\/wp\/v2\/product_tag?post=15647"}],"curies":[{"name":"wp","href":"https:\/\/api.w.org\/{rel}","templated":true}]}}