{"id":15667,"date":"2023-12-03T16:14:00","date_gmt":"2023-12-03T16:14:00","guid":{"rendered":"https:\/\/www.carthagoceramic.com\/?post_type=product&#038;p=15667"},"modified":"2025-09-29T06:02:01","modified_gmt":"2025-09-29T06:02:01","slug":"woods-20x60-cm-mat","status":"publish","type":"product","link":"https:\/\/www.carthagoceramic.com\/fr\/produit\/woods-20x60-cm-mat\/","title":{"rendered":"Woods 20X60 Cm Mat"},"content":{"rendered":"","protected":false},"excerpt":{"rendered":"<p>Carthago ceramic, c&rsquo;est la qualit\u00e9 et la fiabilit\u00e9 au service de votre pavement de sol. Les carrelages et pavements Carthago ceramic sont fabriqu\u00e9s avec des mat\u00e9riaux nobles, qui r\u00e9sistent aux intemp\u00e9ries et \u00e0 l&rsquo;usure. Ils sont \u00e9galement faciles \u00e0 nettoyer et \u00e0 entretenir.<\/p>\n","protected":false},"featured_media":15675,"template":"","meta":{"_acf_changed":false,"_et_pb_use_builder":"","_et_pb_old_content":"","_et_gb_content_width":""},"product_cat":[81],"product_tag":[],"acf":[],"_links":{"self":[{"href":"https:\/\/www.carthagoceramic.com\/fr\/wp-json\/wp\/v2\/product\/15667"}],"collection":[{"href":"https:\/\/www.carthagoceramic.com\/fr\/wp-json\/wp\/v2\/product"}],"about":[{"href":"https:\/\/www.carthagoceramic.com\/fr\/wp-json\/wp\/v2\/types\/product"}],"wp:featuredmedia":[{"embeddable":true,"href":"https:\/\/www.carthagoceramic.com\/fr\/wp-json\/wp\/v2\/media\/15675"}],"wp:attachment":[{"href":"https:\/\/www.carthagoceramic.com\/fr\/wp-json\/wp\/v2\/media?parent=15667"}],"wp:term":[{"taxonomy":"product_cat","embeddable":true,"href":"https:\/\/www.carthagoceramic.com\/fr\/wp-json\/wp\/v2\/product_cat?post=15667"},{"taxonomy":"product_tag","embeddable":true,"href":"https:\/\/www.carthagoceramic.com\/fr\/wp-json\/wp\/v2\/product_tag?post=15667"}],"curies":[{"name":"wp","href":"https:\/\/api.w.org\/{rel}","templated":true}]}}