{"id":15697,"date":"2023-12-05T05:18:20","date_gmt":"2023-12-05T05:18:20","guid":{"rendered":"https:\/\/www.carthagoceramic.com\/?post_type=product&#038;p=15697"},"modified":"2025-09-29T06:01:36","modified_gmt":"2025-09-29T06:01:36","slug":"class-50x50-cm-brillant","status":"publish","type":"product","link":"https:\/\/www.carthagoceramic.com\/fr\/produit\/class-50x50-cm-brillant\/","title":{"rendered":"Class 50X50 Cm Brillant"},"content":{"rendered":"","protected":false},"excerpt":{"rendered":"<p>Le gr\u00e8s c\u00e9rame aspect marbre est un rev\u00eatement de sol id\u00e9al pour les zones \u00e0 forte circulation, telles que les cuisines, les salles de bains et les entr\u00e9es. Il est r\u00e9sistant aux chocs et aux rayures, ce qui lui permet de durer dans le temps.<\/p>\n","protected":false},"featured_media":15699,"template":"","meta":{"_acf_changed":false,"_et_pb_use_builder":"","_et_pb_old_content":"","_et_gb_content_width":""},"product_cat":[28],"product_tag":[],"acf":[],"_links":{"self":[{"href":"https:\/\/www.carthagoceramic.com\/fr\/wp-json\/wp\/v2\/product\/15697"}],"collection":[{"href":"https:\/\/www.carthagoceramic.com\/fr\/wp-json\/wp\/v2\/product"}],"about":[{"href":"https:\/\/www.carthagoceramic.com\/fr\/wp-json\/wp\/v2\/types\/product"}],"wp:featuredmedia":[{"embeddable":true,"href":"https:\/\/www.carthagoceramic.com\/fr\/wp-json\/wp\/v2\/media\/15699"}],"wp:attachment":[{"href":"https:\/\/www.carthagoceramic.com\/fr\/wp-json\/wp\/v2\/media?parent=15697"}],"wp:term":[{"taxonomy":"product_cat","embeddable":true,"href":"https:\/\/www.carthagoceramic.com\/fr\/wp-json\/wp\/v2\/product_cat?post=15697"},{"taxonomy":"product_tag","embeddable":true,"href":"https:\/\/www.carthagoceramic.com\/fr\/wp-json\/wp\/v2\/product_tag?post=15697"}],"curies":[{"name":"wp","href":"https:\/\/api.w.org\/{rel}","templated":true}]}}