{"id":15705,"date":"2023-12-05T05:24:08","date_gmt":"2023-12-05T05:24:08","guid":{"rendered":"https:\/\/www.carthagoceramic.com\/?post_type=product&#038;p=15705"},"modified":"2025-09-29T06:01:14","modified_gmt":"2025-09-29T06:01:14","slug":"kuriat-50x50-cm-brillant","status":"publish","type":"product","link":"https:\/\/www.carthagoceramic.com\/fr\/produit\/kuriat-50x50-cm-brillant\/","title":{"rendered":"Kuriat 50X50 Cm Brillant"},"content":{"rendered":"","protected":false},"excerpt":{"rendered":"<p>Le gr\u00e8s c\u00e9rame aspect marbre est un rev\u00eatement de sol \u00e9cologique. Il est fabriqu\u00e9 \u00e0 partir de mat\u00e9riaux recycl\u00e9s, ce qui permet de r\u00e9duire l&rsquo;impact environnemental.<\/p>\n","protected":false},"featured_media":15707,"template":"","meta":{"_acf_changed":false,"_et_pb_use_builder":"","_et_pb_old_content":"","_et_gb_content_width":""},"product_cat":[28],"product_tag":[],"acf":[],"_links":{"self":[{"href":"https:\/\/www.carthagoceramic.com\/fr\/wp-json\/wp\/v2\/product\/15705"}],"collection":[{"href":"https:\/\/www.carthagoceramic.com\/fr\/wp-json\/wp\/v2\/product"}],"about":[{"href":"https:\/\/www.carthagoceramic.com\/fr\/wp-json\/wp\/v2\/types\/product"}],"wp:featuredmedia":[{"embeddable":true,"href":"https:\/\/www.carthagoceramic.com\/fr\/wp-json\/wp\/v2\/media\/15707"}],"wp:attachment":[{"href":"https:\/\/www.carthagoceramic.com\/fr\/wp-json\/wp\/v2\/media?parent=15705"}],"wp:term":[{"taxonomy":"product_cat","embeddable":true,"href":"https:\/\/www.carthagoceramic.com\/fr\/wp-json\/wp\/v2\/product_cat?post=15705"},{"taxonomy":"product_tag","embeddable":true,"href":"https:\/\/www.carthagoceramic.com\/fr\/wp-json\/wp\/v2\/product_tag?post=15705"}],"curies":[{"name":"wp","href":"https:\/\/api.w.org\/{rel}","templated":true}]}}