{"id":15709,"date":"2023-12-05T05:27:06","date_gmt":"2023-12-05T05:27:06","guid":{"rendered":"https:\/\/www.carthagoceramic.com\/?post_type=product&#038;p=15709"},"modified":"2025-09-29T06:01:02","modified_gmt":"2025-09-29T06:01:02","slug":"light-50x50-cm-brillant","status":"publish","type":"product","link":"https:\/\/www.carthagoceramic.com\/fr\/produit\/light-50x50-cm-brillant\/","title":{"rendered":"Light 50X50 Cm Brillant"},"content":{"rendered":"","protected":false},"excerpt":{"rendered":"<p>Le gr\u00e8s c\u00e9rame 50&#215;50 cm \u00e0 l&rsquo;aspect du marbre est un rev\u00eatement de sol qui s&rsquo;adapte \u00e0 tous les budgets. Il est disponible dans une large gamme de couleurs, ce qui permet \u00e0 chacun de trouver le rev\u00eatement de sol id\u00e9al pour son int\u00e9rieur.<\/p>\n","protected":false},"featured_media":15711,"template":"","meta":{"_acf_changed":false,"_et_pb_use_builder":"","_et_pb_old_content":"","_et_gb_content_width":""},"product_cat":[28],"product_tag":[],"acf":[],"_links":{"self":[{"href":"https:\/\/www.carthagoceramic.com\/fr\/wp-json\/wp\/v2\/product\/15709"}],"collection":[{"href":"https:\/\/www.carthagoceramic.com\/fr\/wp-json\/wp\/v2\/product"}],"about":[{"href":"https:\/\/www.carthagoceramic.com\/fr\/wp-json\/wp\/v2\/types\/product"}],"wp:featuredmedia":[{"embeddable":true,"href":"https:\/\/www.carthagoceramic.com\/fr\/wp-json\/wp\/v2\/media\/15711"}],"wp:attachment":[{"href":"https:\/\/www.carthagoceramic.com\/fr\/wp-json\/wp\/v2\/media?parent=15709"}],"wp:term":[{"taxonomy":"product_cat","embeddable":true,"href":"https:\/\/www.carthagoceramic.com\/fr\/wp-json\/wp\/v2\/product_cat?post=15709"},{"taxonomy":"product_tag","embeddable":true,"href":"https:\/\/www.carthagoceramic.com\/fr\/wp-json\/wp\/v2\/product_tag?post=15709"}],"curies":[{"name":"wp","href":"https:\/\/api.w.org\/{rel}","templated":true}]}}