{"id":15723,"date":"2023-12-05T05:37:17","date_gmt":"2023-12-05T05:37:17","guid":{"rendered":"https:\/\/www.carthagoceramic.com\/?post_type=product&#038;p=15723"},"modified":"2025-09-29T06:18:39","modified_gmt":"2025-09-29T06:18:39","slug":"murano-50x50-cm-brillant","status":"publish","type":"product","link":"https:\/\/www.carthagoceramic.com\/fr\/produit\/murano-50x50-cm-brillant\/","title":{"rendered":"Murano 50X50 Cm Brillant"},"content":{"rendered":"","protected":false},"excerpt":{"rendered":"<p>Le gr\u00e8s c\u00e9rame aspect marbre est un rev\u00eatement de sol qui r\u00e9siste \u00e0 l&rsquo;\u00e9preuve du temps. Il est fabriqu\u00e9 \u00e0 partir de mat\u00e9riaux durables, ce qui lui permet de durer des d\u00e9cennies.<\/p>\n","protected":false},"featured_media":15731,"template":"","meta":{"_acf_changed":false,"_et_pb_use_builder":"","_et_pb_old_content":"","_et_gb_content_width":""},"product_cat":[28],"product_tag":[],"acf":[],"_links":{"self":[{"href":"https:\/\/www.carthagoceramic.com\/fr\/wp-json\/wp\/v2\/product\/15723"}],"collection":[{"href":"https:\/\/www.carthagoceramic.com\/fr\/wp-json\/wp\/v2\/product"}],"about":[{"href":"https:\/\/www.carthagoceramic.com\/fr\/wp-json\/wp\/v2\/types\/product"}],"wp:featuredmedia":[{"embeddable":true,"href":"https:\/\/www.carthagoceramic.com\/fr\/wp-json\/wp\/v2\/media\/15731"}],"wp:attachment":[{"href":"https:\/\/www.carthagoceramic.com\/fr\/wp-json\/wp\/v2\/media?parent=15723"}],"wp:term":[{"taxonomy":"product_cat","embeddable":true,"href":"https:\/\/www.carthagoceramic.com\/fr\/wp-json\/wp\/v2\/product_cat?post=15723"},{"taxonomy":"product_tag","embeddable":true,"href":"https:\/\/www.carthagoceramic.com\/fr\/wp-json\/wp\/v2\/product_tag?post=15723"}],"curies":[{"name":"wp","href":"https:\/\/api.w.org\/{rel}","templated":true}]}}