{"id":15751,"date":"2023-12-05T05:47:23","date_gmt":"2023-12-05T05:47:23","guid":{"rendered":"https:\/\/www.carthagoceramic.com\/?post_type=product&#038;p=15751"},"modified":"2025-09-29T06:00:36","modified_gmt":"2025-09-29T06:00:36","slug":"torres-50x50-cm-brillant","status":"publish","type":"product","link":"https:\/\/www.carthagoceramic.com\/fr\/produit\/torres-50x50-cm-brillant\/","title":{"rendered":"Torres 50X50 Cm Brillant"},"content":{"rendered":"","protected":false},"excerpt":{"rendered":"<p>Le gr\u00e8s c\u00e9rame 50&#215;50 cm est un rev\u00eatement de sol qui est s\u00fbr pour les enfants. Il est r\u00e9sistant aux chocs et aux rayures, ce qui le rend id\u00e9al pour les zones de jeu. Il est \u00e9galement non toxique, ce qui le rend s\u00fbr pour les enfants en bas \u00e2ge.<\/p>\n","protected":false},"featured_media":15753,"template":"","meta":{"_acf_changed":false,"_et_pb_use_builder":"","_et_pb_old_content":"","_et_gb_content_width":""},"product_cat":[28],"product_tag":[],"acf":[],"_links":{"self":[{"href":"https:\/\/www.carthagoceramic.com\/fr\/wp-json\/wp\/v2\/product\/15751"}],"collection":[{"href":"https:\/\/www.carthagoceramic.com\/fr\/wp-json\/wp\/v2\/product"}],"about":[{"href":"https:\/\/www.carthagoceramic.com\/fr\/wp-json\/wp\/v2\/types\/product"}],"wp:featuredmedia":[{"embeddable":true,"href":"https:\/\/www.carthagoceramic.com\/fr\/wp-json\/wp\/v2\/media\/15753"}],"wp:attachment":[{"href":"https:\/\/www.carthagoceramic.com\/fr\/wp-json\/wp\/v2\/media?parent=15751"}],"wp:term":[{"taxonomy":"product_cat","embeddable":true,"href":"https:\/\/www.carthagoceramic.com\/fr\/wp-json\/wp\/v2\/product_cat?post=15751"},{"taxonomy":"product_tag","embeddable":true,"href":"https:\/\/www.carthagoceramic.com\/fr\/wp-json\/wp\/v2\/product_tag?post=15751"}],"curies":[{"name":"wp","href":"https:\/\/api.w.org\/{rel}","templated":true}]}}