{"id":15813,"date":"2023-12-09T11:09:41","date_gmt":"2023-12-09T11:09:41","guid":{"rendered":"https:\/\/www.carthagoceramic.com\/?post_type=product&#038;p=15813"},"modified":"2025-09-29T06:07:22","modified_gmt":"2025-09-29T06:07:22","slug":"reta-40x40-cm-mat","status":"publish","type":"product","link":"https:\/\/www.carthagoceramic.com\/fr\/produit\/reta-40x40-cm-mat\/","title":{"rendered":"Reta 40X40 Cm Mat"},"content":{"rendered":"","protected":false},"excerpt":{"rendered":"<p>Le gr\u00e8s c\u00e9rame aspect ciment est un rev\u00eatement de sol qui est bon pour la sant\u00e9. Il est non poreux, ce qui signifie qu&rsquo;il ne retient pas les bact\u00e9ries. Il est \u00e9galement antid\u00e9rapant, ce qui r\u00e9duit le risque de glissades et de chutes.<\/p>\n","protected":false},"featured_media":15821,"template":"","meta":{"_acf_changed":false,"_et_pb_use_builder":"","_et_pb_old_content":"","_et_gb_content_width":""},"product_cat":[28],"product_tag":[],"acf":[],"_links":{"self":[{"href":"https:\/\/www.carthagoceramic.com\/fr\/wp-json\/wp\/v2\/product\/15813"}],"collection":[{"href":"https:\/\/www.carthagoceramic.com\/fr\/wp-json\/wp\/v2\/product"}],"about":[{"href":"https:\/\/www.carthagoceramic.com\/fr\/wp-json\/wp\/v2\/types\/product"}],"wp:featuredmedia":[{"embeddable":true,"href":"https:\/\/www.carthagoceramic.com\/fr\/wp-json\/wp\/v2\/media\/15821"}],"wp:attachment":[{"href":"https:\/\/www.carthagoceramic.com\/fr\/wp-json\/wp\/v2\/media?parent=15813"}],"wp:term":[{"taxonomy":"product_cat","embeddable":true,"href":"https:\/\/www.carthagoceramic.com\/fr\/wp-json\/wp\/v2\/product_cat?post=15813"},{"taxonomy":"product_tag","embeddable":true,"href":"https:\/\/www.carthagoceramic.com\/fr\/wp-json\/wp\/v2\/product_tag?post=15813"}],"curies":[{"name":"wp","href":"https:\/\/api.w.org\/{rel}","templated":true}]}}