{"id":16274,"date":"2024-02-22T13:30:39","date_gmt":"2024-02-22T13:30:39","guid":{"rendered":"https:\/\/www.carthagoceramic.com\/?post_type=product&#038;p=16274"},"modified":"2024-02-23T13:03:56","modified_gmt":"2024-02-23T13:03:56","slug":"breda-25x60-cm-brillant","status":"publish","type":"product","link":"https:\/\/www.carthagoceramic.com\/fr\/produit\/breda-25x60-cm-brillant\/","title":{"rendered":"Breda 25X60 Cm Brillant"},"content":{"rendered":"","protected":false},"excerpt":{"rendered":"<div class=\"et_pb_module et_pb_wc_description et_pb_wc_description_0_tb_body et_pb_bg_layout_light et_pb_text_align_left\">\n<div class=\"et_pb_module_inner\">\n<p>Pour les amateurs de l\u2019effet marbre, Carthago C\u00e9ramic vous offre qualit\u00e9, quantit\u00e9 et vari\u00e9t\u00e9 gr\u00e2ce \u00e0 notre large gamme de carreaux de fa\u00efence pour salle de bain en vert, bleu ou greige, ainsi que pour chaque mur \u00e0 habiller dans votre salle de bain, salon, chambre, terrasse, v\u00e9randa\u2026 Profitez de cette reproduction parfaite du marbre naturel sans vous pr\u00e9occuper de sa porosit\u00e9.<\/p>\n<\/div>\n<\/div>\n<div class=\"et_pb_module et_pb_wc_add_to_cart et_pb_wc_add_to_cart_0_tb_body et_pb_bg_layout_light et_pb_text_align_left\">\n<div class=\"et_pb_module_inner\"><\/div>\n<\/div>\n","protected":false},"featured_media":16908,"template":"","meta":{"_acf_changed":false,"_et_pb_use_builder":"","_et_pb_old_content":"","_et_gb_content_width":""},"product_cat":[79],"product_tag":[],"acf":[],"_links":{"self":[{"href":"https:\/\/www.carthagoceramic.com\/fr\/wp-json\/wp\/v2\/product\/16274"}],"collection":[{"href":"https:\/\/www.carthagoceramic.com\/fr\/wp-json\/wp\/v2\/product"}],"about":[{"href":"https:\/\/www.carthagoceramic.com\/fr\/wp-json\/wp\/v2\/types\/product"}],"wp:featuredmedia":[{"embeddable":true,"href":"https:\/\/www.carthagoceramic.com\/fr\/wp-json\/wp\/v2\/media\/16908"}],"wp:attachment":[{"href":"https:\/\/www.carthagoceramic.com\/fr\/wp-json\/wp\/v2\/media?parent=16274"}],"wp:term":[{"taxonomy":"product_cat","embeddable":true,"href":"https:\/\/www.carthagoceramic.com\/fr\/wp-json\/wp\/v2\/product_cat?post=16274"},{"taxonomy":"product_tag","embeddable":true,"href":"https:\/\/www.carthagoceramic.com\/fr\/wp-json\/wp\/v2\/product_tag?post=16274"}],"curies":[{"name":"wp","href":"https:\/\/api.w.org\/{rel}","templated":true}]}}