{"id":16328,"date":"2024-02-22T14:20:22","date_gmt":"2024-02-22T14:20:22","guid":{"rendered":"https:\/\/www.carthagoceramic.com\/?post_type=product&#038;p=16328"},"modified":"2024-02-23T12:43:31","modified_gmt":"2024-02-23T12:43:31","slug":"damasse-25x60-cm-brillant","status":"publish","type":"product","link":"https:\/\/www.carthagoceramic.com\/fr\/produit\/damasse-25x60-cm-brillant\/","title":{"rendered":"Damasse 25X60 Cm Brillant"},"content":{"rendered":"","protected":false},"excerpt":{"rendered":"<div class=\"et_pb_module et_pb_wc_description et_pb_wc_description_0_tb_body et_pb_bg_layout_light et_pb_text_align_left\">\n<div class=\"et_pb_module_inner\">\n<div class=\"et_pb_module et_pb_wc_description et_pb_wc_description_0_tb_body et_pb_bg_layout_light et_pb_text_align_left\">\n<div class=\"et_pb_module_inner\">\n<p>Pour r\u00e9pondre \u00e0 des besoins toujours aussi exigeants et pointilleux,\u00a0Carthago C\u00e9ramic, vous offre qualit\u00e9, quantit\u00e9 et vari\u00e9t\u00e9, gr\u00e2ce \u00e0 notre large gamme de\u00a0fa\u00efence\u00a0pour chaque type d\u2019ambiance\u00a0souhait\u00e9e et chaque mur \u00e0 rev\u00eatir dans votre\u00a0cuisine,\u00a0salle de bain,\u00a0salon,\u00a0chambre,\u00a0terrasse,\u00a0v\u00e9randa\u2026<\/p>\n<\/div>\n<\/div>\n<div class=\"et_pb_module et_pb_wc_add_to_cart et_pb_wc_add_to_cart_0_tb_body et_pb_bg_layout_light et_pb_text_align_left\">\n<div class=\"et_pb_module_inner\"><\/div>\n<\/div>\n<\/div>\n<\/div>\n<div class=\"et_pb_module et_pb_wc_add_to_cart et_pb_wc_add_to_cart_0_tb_body et_pb_bg_layout_light et_pb_text_align_left\">\n<div class=\"et_pb_module_inner\"><\/div>\n<\/div>\n","protected":false},"featured_media":16878,"template":"","meta":{"_acf_changed":false,"_et_pb_use_builder":"","_et_pb_old_content":"","_et_gb_content_width":""},"product_cat":[79],"product_tag":[],"acf":[],"_links":{"self":[{"href":"https:\/\/www.carthagoceramic.com\/fr\/wp-json\/wp\/v2\/product\/16328"}],"collection":[{"href":"https:\/\/www.carthagoceramic.com\/fr\/wp-json\/wp\/v2\/product"}],"about":[{"href":"https:\/\/www.carthagoceramic.com\/fr\/wp-json\/wp\/v2\/types\/product"}],"wp:featuredmedia":[{"embeddable":true,"href":"https:\/\/www.carthagoceramic.com\/fr\/wp-json\/wp\/v2\/media\/16878"}],"wp:attachment":[{"href":"https:\/\/www.carthagoceramic.com\/fr\/wp-json\/wp\/v2\/media?parent=16328"}],"wp:term":[{"taxonomy":"product_cat","embeddable":true,"href":"https:\/\/www.carthagoceramic.com\/fr\/wp-json\/wp\/v2\/product_cat?post=16328"},{"taxonomy":"product_tag","embeddable":true,"href":"https:\/\/www.carthagoceramic.com\/fr\/wp-json\/wp\/v2\/product_tag?post=16328"}],"curies":[{"name":"wp","href":"https:\/\/api.w.org\/{rel}","templated":true}]}}