{"id":18311,"date":"2025-04-30T06:09:32","date_gmt":"2025-04-30T06:09:32","guid":{"rendered":"https:\/\/www.carthagoceramic.com\/?post_type=product&#038;p=18311"},"modified":"2025-04-30T15:08:51","modified_gmt":"2025-04-30T15:08:51","slug":"micra-40x40-cm-brillant","status":"publish","type":"product","link":"https:\/\/www.carthagoceramic.com\/fr\/produit\/micra-40x40-cm-brillant\/","title":{"rendered":"Micra 40X40 Cm Brillant"},"content":{"rendered":"","protected":false},"excerpt":{"rendered":"<p>Ce carrelage aspect marbre est un rev\u00eatement de sol qui est bon pour la sant\u00e9. Il est non poreux, ce qui signifie qu\u2019il ne retient pas les bact\u00e9ries. Il est \u00e9galement antid\u00e9rapant, ce qui r\u00e9duit le risque de glissades et de chutes.<\/p>\n","protected":false},"featured_media":18600,"template":"","meta":{"_acf_changed":false,"_et_pb_use_builder":"","_et_pb_old_content":"","_et_gb_content_width":""},"product_cat":[28],"product_tag":[],"acf":[],"_links":{"self":[{"href":"https:\/\/www.carthagoceramic.com\/fr\/wp-json\/wp\/v2\/product\/18311"}],"collection":[{"href":"https:\/\/www.carthagoceramic.com\/fr\/wp-json\/wp\/v2\/product"}],"about":[{"href":"https:\/\/www.carthagoceramic.com\/fr\/wp-json\/wp\/v2\/types\/product"}],"wp:featuredmedia":[{"embeddable":true,"href":"https:\/\/www.carthagoceramic.com\/fr\/wp-json\/wp\/v2\/media\/18600"}],"wp:attachment":[{"href":"https:\/\/www.carthagoceramic.com\/fr\/wp-json\/wp\/v2\/media?parent=18311"}],"wp:term":[{"taxonomy":"product_cat","embeddable":true,"href":"https:\/\/www.carthagoceramic.com\/fr\/wp-json\/wp\/v2\/product_cat?post=18311"},{"taxonomy":"product_tag","embeddable":true,"href":"https:\/\/www.carthagoceramic.com\/fr\/wp-json\/wp\/v2\/product_tag?post=18311"}],"curies":[{"name":"wp","href":"https:\/\/api.w.org\/{rel}","templated":true}]}}