{"id":18361,"date":"2025-04-30T09:31:22","date_gmt":"2025-04-30T09:31:22","guid":{"rendered":"https:\/\/www.carthagoceramic.com\/?post_type=product&#038;p=18361"},"modified":"2025-04-30T14:00:01","modified_gmt":"2025-04-30T14:00:01","slug":"royal-60x120-cm-mat","status":"publish","type":"product","link":"https:\/\/www.carthagoceramic.com\/fr\/produit\/royal-60x120-cm-mat\/","title":{"rendered":"Royal 60X120 Cm Mat"},"content":{"rendered":"","protected":false},"excerpt":{"rendered":"<p>Ces carreaux en gr\u00e8s grand format effet marbre transforment vos espaces gr\u00e2ce \u00e0 leurs finitions soigneusement travaill\u00e9es. Que ce soit pour habiller un salon, une salle de bain ou un espace commercial, le format 60&#215;120 apporte une coh\u00e9rence visuelle et une sensation d\u2019ouverture.<\/p>\n","protected":false},"featured_media":18445,"template":"","meta":{"_acf_changed":false,"_et_pb_use_builder":"","_et_pb_old_content":"","_et_gb_content_width":""},"product_cat":[28],"product_tag":[],"acf":[],"_links":{"self":[{"href":"https:\/\/www.carthagoceramic.com\/fr\/wp-json\/wp\/v2\/product\/18361"}],"collection":[{"href":"https:\/\/www.carthagoceramic.com\/fr\/wp-json\/wp\/v2\/product"}],"about":[{"href":"https:\/\/www.carthagoceramic.com\/fr\/wp-json\/wp\/v2\/types\/product"}],"wp:featuredmedia":[{"embeddable":true,"href":"https:\/\/www.carthagoceramic.com\/fr\/wp-json\/wp\/v2\/media\/18445"}],"wp:attachment":[{"href":"https:\/\/www.carthagoceramic.com\/fr\/wp-json\/wp\/v2\/media?parent=18361"}],"wp:term":[{"taxonomy":"product_cat","embeddable":true,"href":"https:\/\/www.carthagoceramic.com\/fr\/wp-json\/wp\/v2\/product_cat?post=18361"},{"taxonomy":"product_tag","embeddable":true,"href":"https:\/\/www.carthagoceramic.com\/fr\/wp-json\/wp\/v2\/product_tag?post=18361"}],"curies":[{"name":"wp","href":"https:\/\/api.w.org\/{rel}","templated":true}]}}