{"id":18386,"date":"2025-04-30T09:56:26","date_gmt":"2025-04-30T09:56:26","guid":{"rendered":"https:\/\/www.carthagoceramic.com\/?post_type=product&#038;p=18386"},"modified":"2025-04-30T13:50:28","modified_gmt":"2025-04-30T13:50:28","slug":"marmarosa-60x120-cm-brillant","status":"publish","type":"product","link":"https:\/\/www.carthagoceramic.com\/fr\/produit\/marmarosa-60x120-cm-brillant\/","title":{"rendered":"Marmarosa 60X120 Cm Brillant"},"content":{"rendered":"","protected":false},"excerpt":{"rendered":"<p>Le format 60&#215;120 cm incarne le choix id\u00e9al pour un rev\u00eatement de sol ou un rev\u00eatement mural au style contemporain. Fabriqu\u00e9s en gr\u00e8s c\u00e9rame, nos carreaux allient r\u00e9sistance technique, esth\u00e9tique raffin\u00e9e et polyvalence d&rsquo;application.<\/p>\n","protected":false},"featured_media":18423,"template":"","meta":{"_acf_changed":false,"_et_pb_use_builder":"","_et_pb_old_content":"","_et_gb_content_width":""},"product_cat":[28],"product_tag":[],"acf":[],"_links":{"self":[{"href":"https:\/\/www.carthagoceramic.com\/fr\/wp-json\/wp\/v2\/product\/18386"}],"collection":[{"href":"https:\/\/www.carthagoceramic.com\/fr\/wp-json\/wp\/v2\/product"}],"about":[{"href":"https:\/\/www.carthagoceramic.com\/fr\/wp-json\/wp\/v2\/types\/product"}],"wp:featuredmedia":[{"embeddable":true,"href":"https:\/\/www.carthagoceramic.com\/fr\/wp-json\/wp\/v2\/media\/18423"}],"wp:attachment":[{"href":"https:\/\/www.carthagoceramic.com\/fr\/wp-json\/wp\/v2\/media?parent=18386"}],"wp:term":[{"taxonomy":"product_cat","embeddable":true,"href":"https:\/\/www.carthagoceramic.com\/fr\/wp-json\/wp\/v2\/product_cat?post=18386"},{"taxonomy":"product_tag","embeddable":true,"href":"https:\/\/www.carthagoceramic.com\/fr\/wp-json\/wp\/v2\/product_tag?post=18386"}],"curies":[{"name":"wp","href":"https:\/\/api.w.org\/{rel}","templated":true}]}}