{"id":18615,"date":"2025-05-03T07:10:38","date_gmt":"2025-05-03T07:10:38","guid":{"rendered":"https:\/\/www.carthagoceramic.com\/?post_type=product&#038;p=18615"},"modified":"2025-09-29T05:57:59","modified_gmt":"2025-09-29T05:57:59","slug":"galice-60-x-60-mat","status":"publish","type":"product","link":"https:\/\/www.carthagoceramic.com\/fr\/produit\/galice-60-x-60-mat\/","title":{"rendered":"Galice 60 X 60 MAT"},"content":{"rendered":"","protected":false},"excerpt":{"rendered":"<p>Notre prestigieux carrelage \u00e0 effet pierre se pr\u00eate \u00e0 l\u2019ornement de votre chambre \u00e0 coucher<br \/>\nInspir\u00e9e de l\u2019originalit\u00e9 de la pierre naturelle sous tous ses aspects. Notre gamme de carreaux imitation pierre reproduit fid\u00e8lement l\u2019aspect de cette mati\u00e8re consid\u00e9r\u00e9e comme mat\u00e9riau de noblesse et de charme depuis la nuit des temps.<\/p>\n","protected":false},"featured_media":18543,"template":"","meta":{"_acf_changed":false,"_et_pb_use_builder":"","_et_pb_old_content":"","_et_gb_content_width":""},"product_cat":[28],"product_tag":[],"acf":[],"_links":{"self":[{"href":"https:\/\/www.carthagoceramic.com\/fr\/wp-json\/wp\/v2\/product\/18615"}],"collection":[{"href":"https:\/\/www.carthagoceramic.com\/fr\/wp-json\/wp\/v2\/product"}],"about":[{"href":"https:\/\/www.carthagoceramic.com\/fr\/wp-json\/wp\/v2\/types\/product"}],"wp:featuredmedia":[{"embeddable":true,"href":"https:\/\/www.carthagoceramic.com\/fr\/wp-json\/wp\/v2\/media\/18543"}],"wp:attachment":[{"href":"https:\/\/www.carthagoceramic.com\/fr\/wp-json\/wp\/v2\/media?parent=18615"}],"wp:term":[{"taxonomy":"product_cat","embeddable":true,"href":"https:\/\/www.carthagoceramic.com\/fr\/wp-json\/wp\/v2\/product_cat?post=18615"},{"taxonomy":"product_tag","embeddable":true,"href":"https:\/\/www.carthagoceramic.com\/fr\/wp-json\/wp\/v2\/product_tag?post=18615"}],"curies":[{"name":"wp","href":"https:\/\/api.w.org\/{rel}","templated":true}]}}