{"id":18642,"date":"2025-05-03T08:28:13","date_gmt":"2025-05-03T08:28:13","guid":{"rendered":"https:\/\/www.carthagoceramic.com\/?post_type=product&#038;p=18642"},"modified":"2025-05-03T08:32:58","modified_gmt":"2025-05-03T08:32:58","slug":"ascal-60x60-brillant","status":"publish","type":"product","link":"https:\/\/www.carthagoceramic.com\/fr\/produit\/ascal-60x60-brillant\/","title":{"rendered":"Ascal 60X60 Brillant"},"content":{"rendered":"","protected":false},"excerpt":{"rendered":"<p>Un souffle min\u00e9ral habille vos murs et vos sols. Ce gr\u00e8s c\u00e9rame sublime chaque espace avec l\u2019\u00e9l\u00e9gance brute de la pierre. Rev\u00eatement de sol ou mural, il \u00e9voque un \u00e9quilibre parfait entre nature et design contemporain.<\/p>\n","protected":false},"featured_media":18529,"template":"","meta":{"_et_pb_use_builder":"","_et_pb_old_content":"","_et_gb_content_width":""},"product_cat":[28],"product_tag":[],"_links":{"self":[{"href":"https:\/\/www.carthagoceramic.com\/fr\/wp-json\/wp\/v2\/product\/18642"}],"collection":[{"href":"https:\/\/www.carthagoceramic.com\/fr\/wp-json\/wp\/v2\/product"}],"about":[{"href":"https:\/\/www.carthagoceramic.com\/fr\/wp-json\/wp\/v2\/types\/product"}],"wp:featuredmedia":[{"embeddable":true,"href":"https:\/\/www.carthagoceramic.com\/fr\/wp-json\/wp\/v2\/media\/18529"}],"wp:attachment":[{"href":"https:\/\/www.carthagoceramic.com\/fr\/wp-json\/wp\/v2\/media?parent=18642"}],"wp:term":[{"taxonomy":"product_cat","embeddable":true,"href":"https:\/\/www.carthagoceramic.com\/fr\/wp-json\/wp\/v2\/product_cat?post=18642"},{"taxonomy":"product_tag","embeddable":true,"href":"https:\/\/www.carthagoceramic.com\/fr\/wp-json\/wp\/v2\/product_tag?post=18642"}],"curies":[{"name":"wp","href":"https:\/\/api.w.org\/{rel}","templated":true}]}}